{"id":2075,"date":"2024-08-14T05:24:39","date_gmt":"2024-08-14T05:24:39","guid":{"rendered":"https:\/\/lvfoto.ro\/hora\/?page_id=2075"},"modified":"2025-08-21T10:29:29","modified_gmt":"2025-08-21T10:29:29","slug":"comunitate","status":"publish","type":"page","link":"https:\/\/hora-instruments.com\/ro\/comunitate\/","title":{"rendered":"Comunitate"},"content":{"rendered":"<style>\/*! elementor - v3.23.0 - 05-08-2024 *\/<br \/>.elementor-widget-image{text-align:center}.elementor-widget-image a{display:inline-block}.elementor-widget-image a img[src$=\".svg\"]{width:48px}.elementor-widget-image img{vertical-align:middle;display:inline-block}<\/style>\n<p><img fetchpriority=\"high\" decoding=\"async\" src=\"https:\/\/hora-instruments.com\/ro\/wp-content\/uploads\/2024\/08\/DavidOistrah-700x727.jpg\" sizes=\"(max-width: 700px) 100vw, 700px\" srcset=\"https:\/\/hora-instruments.com\/ro\/wp-content\/uploads\/2024\/08\/DavidOistrah-700x727.jpg 700w, https:\/\/hora-instruments.com\/ro\/wp-content\/uploads\/2024\/08\/DavidOistrah-250x260.jpg 250w, https:\/\/hora-instruments.com\/ro\/wp-content\/uploads\/2024\/08\/DavidOistrah-768x798.jpg 768w, https:\/\/hora-instruments.com\/ro\/wp-content\/uploads\/2024\/08\/DavidOistrah-120x125.jpg 120w, https:\/\/hora-instruments.com\/ro\/wp-content\/uploads\/2024\/08\/DavidOistrah.jpg 866w\" alt=\"\" width=\"700\" height=\"727\" \/><\/p>\n<p><em>&#8222;Vioara f\u0103cut\u0103 de maestrul Roman Boianciuc a produs asupra mea o impresie foarte bun\u0103. Ea este f\u0103cut\u0103 iscusit, are o form\u0103 des\u0103v\u00e2r\u015fit\u0103, ideal\u0103 pentru interpret. Ea sun\u0103 str\u0103lucitor, curat \u015fi destul de dinamic.&#8221;<\/em><\/p>\n<p><strong>David Oistrah<br \/>\n<\/strong>Bucure\u015fti, 18 Septembrie 1967<\/p>\n<p><img decoding=\"async\" src=\"https:\/\/hora-instruments.com\/ro\/wp-content\/uploads\/2024\/08\/Zamfir-hora-reghin-1-700x447.jpg\" sizes=\"(max-width: 700px) 100vw, 700px\" srcset=\"https:\/\/hora-instruments.com\/ro\/wp-content\/uploads\/2024\/08\/Zamfir-hora-reghin-1-700x447.jpg 700w, https:\/\/hora-instruments.com\/ro\/wp-content\/uploads\/2024\/08\/Zamfir-hora-reghin-1-250x160.jpg 250w, https:\/\/hora-instruments.com\/ro\/wp-content\/uploads\/2024\/08\/Zamfir-hora-reghin-1-768x491.jpg 768w, https:\/\/hora-instruments.com\/ro\/wp-content\/uploads\/2024\/08\/Zamfir-hora-reghin-1-120x77.jpg 120w, https:\/\/hora-instruments.com\/ro\/wp-content\/uploads\/2024\/08\/Zamfir-hora-reghin-1.jpg 1024w\" alt=\"\" width=\"700\" height=\"447\" \/><\/p>\n<p><img decoding=\"async\" class=\"alignleft\" src=\"https:\/\/hora-instruments.com\/ro\/wp-content\/uploads\/2024\/08\/Tudor-Gheorghe-hora-reghin-700x447.jpg\" sizes=\"(max-width: 700px) 100vw, 700px\" srcset=\"https:\/\/hora-instruments.com\/ro\/wp-content\/uploads\/2024\/08\/Tudor-Gheorghe-hora-reghin-700x447.jpg 700w, https:\/\/hora-instruments.com\/ro\/wp-content\/uploads\/2024\/08\/Tudor-Gheorghe-hora-reghin-250x160.jpg 250w, https:\/\/hora-instruments.com\/ro\/wp-content\/uploads\/2024\/08\/Tudor-Gheorghe-hora-reghin-768x491.jpg 768w, https:\/\/hora-instruments.com\/ro\/wp-content\/uploads\/2024\/08\/Tudor-Gheorghe-hora-reghin-120x77.jpg 120w, https:\/\/hora-instruments.com\/ro\/wp-content\/uploads\/2024\/08\/Tudor-Gheorghe-hora-reghin.jpg 1024w\" alt=\"\" width=\"700\" height=\"447\" \/><\/p>\n<p>Autograf pe chitara Lutier din partea marelui chitarist Al Di Meola.<a href=\"https:\/\/hora-instruments.com\/ro\/wp-content\/uploads\/2025\/08\/1000015436-e1755769985164.jpg\"><br \/>\n<img loading=\"lazy\" decoding=\"async\" class=\"wp-image-2942 alignleft\" src=\"https:\/\/hora-instruments.com\/ro\/wp-content\/uploads\/2025\/08\/1000015436-e1755769985164.jpg\" alt=\"\" width=\"700\" height=\"887\" srcset=\"https:\/\/hora-instruments.com\/ro\/wp-content\/uploads\/2025\/08\/1000015436-e1755769985164.jpg 1365w, https:\/\/hora-instruments.com\/ro\/wp-content\/uploads\/2025\/08\/1000015436-e1755769985164-250x317.jpg 250w, https:\/\/hora-instruments.com\/ro\/wp-content\/uploads\/2025\/08\/1000015436-e1755769985164-700x887.jpg 700w, https:\/\/hora-instruments.com\/ro\/wp-content\/uploads\/2025\/08\/1000015436-e1755769985164-768x973.jpg 768w, https:\/\/hora-instruments.com\/ro\/wp-content\/uploads\/2025\/08\/1000015436-e1755769985164-1212x1536.jpg 1212w, https:\/\/hora-instruments.com\/ro\/wp-content\/uploads\/2025\/08\/1000015436-e1755769985164-120x152.jpg 120w\" sizes=\"(max-width: 700px) 100vw, 700px\" \/><\/a><\/p>\n<p><a href=\"https:\/\/hora-instruments.com\/ro\/wp-content\/uploads\/2025\/08\/1000015435-e1755770167829.jpg\"><img loading=\"lazy\" decoding=\"async\" class=\"wp-image-2941 alignleft\" src=\"https:\/\/hora-instruments.com\/ro\/wp-content\/uploads\/2025\/08\/1000015435-e1755770167829.jpg\" alt=\"\" width=\"699\" height=\"460\" srcset=\"https:\/\/hora-instruments.com\/ro\/wp-content\/uploads\/2025\/08\/1000015435-e1755770167829.jpg 1884w, https:\/\/hora-instruments.com\/ro\/wp-content\/uploads\/2025\/08\/1000015435-e1755770167829-250x165.jpg 250w, https:\/\/hora-instruments.com\/ro\/wp-content\/uploads\/2025\/08\/1000015435-e1755770167829-700x461.jpg 700w, https:\/\/hora-instruments.com\/ro\/wp-content\/uploads\/2025\/08\/1000015435-e1755770167829-768x505.jpg 768w, https:\/\/hora-instruments.com\/ro\/wp-content\/uploads\/2025\/08\/1000015435-e1755770167829-1536x1011.jpg 1536w, https:\/\/hora-instruments.com\/ro\/wp-content\/uploads\/2025\/08\/1000015435-e1755770167829-120x79.jpg 120w\" sizes=\"(max-width: 699px) 100vw, 699px\" \/><\/a><\/p>\n","protected":false},"excerpt":{"rendered":"&#8222;Vioara f\u0103cut\u0103 de maestrul Roman Boianciuc a produs asupra mea o impresie foarte bun\u0103. Ea este f\u0103cut\u0103 iscusit, are o form\u0103 des\u0103v\u00e2r\u015fit\u0103, ideal\u0103 pentru interpret. Ea sun\u0103 str\u0103lucitor, curat \u015fi destul de dinamic.&#8221; David Oistrah Bucure\u015fti, 18 Septembrie 1967 Autograf pe chitara Lutier din partea marelui chitarist Al Di Meola.","protected":false},"author":1,"featured_media":0,"parent":0,"menu_order":21,"comment_status":"closed","ping_status":"closed","template":"","meta":{"_acf_changed":false,"footnotes":""},"class_list":["post-2075","page","type-page","status-publish","hentry"],"acf":[],"yoast_head":"<!-- This site is optimized with the Yoast SEO plugin v26.4 - https:\/\/yoast.com\/wordpress\/plugins\/seo\/ -->\n<title>Comunitate - Instrumente Hora<\/title>\n<meta name=\"robots\" content=\"index, follow, max-snippet:-1, max-image-preview:large, max-video-preview:-1\" \/>\n<link rel=\"canonical\" href=\"https:\/\/hora-instruments.com\/ro\/comunitate\/\" \/>\n<meta property=\"og:locale\" content=\"ro_RO\" \/>\n<meta property=\"og:type\" content=\"article\" \/>\n<meta property=\"og:title\" content=\"Comunitate - Instrumente Hora\" \/>\n<meta property=\"og:description\" content=\"&#8222;Vioara f\u0103cut\u0103 de maestrul Roman Boianciuc a produs asupra mea o impresie foarte bun\u0103. Ea este f\u0103cut\u0103 iscusit, are o form\u0103 des\u0103v\u00e2r\u015fit\u0103, ideal\u0103 pentru interpret. Ea sun\u0103 str\u0103lucitor, curat \u015fi destul de dinamic.&#8221; David Oistrah Bucure\u015fti, 18 Septembrie 1967 Autograf pe chitara Lutier din partea marelui chitarist Al Di Meola.\" \/>\n<meta property=\"og:url\" content=\"https:\/\/hora-instruments.com\/ro\/comunitate\/\" \/>\n<meta property=\"og:site_name\" content=\"Instrumente Hora\" \/>\n<meta property=\"article:publisher\" content=\"https:\/\/www.facebook.com\/hora.instruments\" \/>\n<meta property=\"article:modified_time\" content=\"2025-08-21T10:29:29+00:00\" \/>\n<meta property=\"og:image\" content=\"https:\/\/hora-instruments.com\/ro\/wp-content\/uploads\/2024\/08\/DavidOistrah-700x727.jpg\" \/>\n<meta name=\"twitter:card\" content=\"summary_large_image\" \/>\n<meta name=\"twitter:label1\" content=\"Timp estimat pentru citire\" \/>\n\t<meta name=\"twitter:data1\" content=\"2 minute\" \/>\n<script type=\"application\/ld+json\" class=\"yoast-schema-graph\">{\"@context\":\"https:\/\/schema.org\",\"@graph\":[{\"@type\":\"WebPage\",\"@id\":\"https:\/\/hora-instruments.com\/ro\/comunitate\/\",\"url\":\"https:\/\/hora-instruments.com\/ro\/comunitate\/\",\"name\":\"Comunitate - Instrumente Hora\",\"isPartOf\":{\"@id\":\"https:\/\/hora-instruments.com\/ro\/#website\"},\"primaryImageOfPage\":{\"@id\":\"https:\/\/hora-instruments.com\/ro\/comunitate\/#primaryimage\"},\"image\":{\"@id\":\"https:\/\/hora-instruments.com\/ro\/comunitate\/#primaryimage\"},\"thumbnailUrl\":\"https:\/\/hora-instruments.com\/ro\/wp-content\/uploads\/2024\/08\/DavidOistrah-700x727.jpg\",\"datePublished\":\"2024-08-14T05:24:39+00:00\",\"dateModified\":\"2025-08-21T10:29:29+00:00\",\"breadcrumb\":{\"@id\":\"https:\/\/hora-instruments.com\/ro\/comunitate\/#breadcrumb\"},\"inLanguage\":\"ro-RO\",\"potentialAction\":[{\"@type\":\"ReadAction\",\"target\":[\"https:\/\/hora-instruments.com\/ro\/comunitate\/\"]}]},{\"@type\":\"ImageObject\",\"inLanguage\":\"ro-RO\",\"@id\":\"https:\/\/hora-instruments.com\/ro\/comunitate\/#primaryimage\",\"url\":\"https:\/\/hora-instruments.com\/ro\/wp-content\/uploads\/2024\/08\/DavidOistrah.jpg\",\"contentUrl\":\"https:\/\/hora-instruments.com\/ro\/wp-content\/uploads\/2024\/08\/DavidOistrah.jpg\",\"width\":866,\"height\":900},{\"@type\":\"BreadcrumbList\",\"@id\":\"https:\/\/hora-instruments.com\/ro\/comunitate\/#breadcrumb\",\"itemListElement\":[{\"@type\":\"ListItem\",\"position\":1,\"name\":\"Prima pagin\u0103\",\"item\":\"https:\/\/hora-instruments.com\/ro\/\"},{\"@type\":\"ListItem\",\"position\":2,\"name\":\"Comunitate\"}]},{\"@type\":\"WebSite\",\"@id\":\"https:\/\/hora-instruments.com\/ro\/#website\",\"url\":\"https:\/\/hora-instruments.com\/ro\/\",\"name\":\"Instrumente Hora\",\"description\":\"\",\"publisher\":{\"@id\":\"https:\/\/hora-instruments.com\/ro\/#organization\"},\"potentialAction\":[{\"@type\":\"SearchAction\",\"target\":{\"@type\":\"EntryPoint\",\"urlTemplate\":\"https:\/\/hora-instruments.com\/ro\/?s={search_term_string}\"},\"query-input\":{\"@type\":\"PropertyValueSpecification\",\"valueRequired\":true,\"valueName\":\"search_term_string\"}}],\"inLanguage\":\"ro-RO\"},{\"@type\":\"Organization\",\"@id\":\"https:\/\/hora-instruments.com\/ro\/#organization\",\"name\":\"Instrumente Hora\",\"url\":\"https:\/\/hora-instruments.com\/ro\/\",\"logo\":{\"@type\":\"ImageObject\",\"inLanguage\":\"ro-RO\",\"@id\":\"https:\/\/hora-instruments.com\/ro\/#\/schema\/logo\/image\/\",\"url\":\"https:\/\/hora-instruments.com\/ro\/wp-content\/uploads\/2024\/10\/hora-instruments.png\",\"contentUrl\":\"https:\/\/hora-instruments.com\/ro\/wp-content\/uploads\/2024\/10\/hora-instruments.png\",\"width\":154,\"height\":154,\"caption\":\"Instrumente Hora\"},\"image\":{\"@id\":\"https:\/\/hora-instruments.com\/ro\/#\/schema\/logo\/image\/\"},\"sameAs\":[\"https:\/\/www.facebook.com\/hora.instruments\",\"https:\/\/www.instagram.com\/hora.factory\/\"]}]}<\/script>\n<!-- \/ Yoast SEO plugin. -->","yoast_head_json":{"title":"Comunitate - Instrumente Hora","robots":{"index":"index","follow":"follow","max-snippet":"max-snippet:-1","max-image-preview":"max-image-preview:large","max-video-preview":"max-video-preview:-1"},"canonical":"https:\/\/hora-instruments.com\/ro\/comunitate\/","og_locale":"ro_RO","og_type":"article","og_title":"Comunitate - Instrumente Hora","og_description":"&#8222;Vioara f\u0103cut\u0103 de maestrul Roman Boianciuc a produs asupra mea o impresie foarte bun\u0103. Ea este f\u0103cut\u0103 iscusit, are o form\u0103 des\u0103v\u00e2r\u015fit\u0103, ideal\u0103 pentru interpret. Ea sun\u0103 str\u0103lucitor, curat \u015fi destul de dinamic.&#8221; David Oistrah Bucure\u015fti, 18 Septembrie 1967 Autograf pe chitara Lutier din partea marelui chitarist Al Di Meola.","og_url":"https:\/\/hora-instruments.com\/ro\/comunitate\/","og_site_name":"Instrumente Hora","article_publisher":"https:\/\/www.facebook.com\/hora.instruments","article_modified_time":"2025-08-21T10:29:29+00:00","og_image":[{"url":"https:\/\/hora-instruments.com\/ro\/wp-content\/uploads\/2024\/08\/DavidOistrah-700x727.jpg","type":"","width":"","height":""}],"twitter_card":"summary_large_image","twitter_misc":{"Timp estimat pentru citire":"2 minute"},"schema":{"@context":"https:\/\/schema.org","@graph":[{"@type":"WebPage","@id":"https:\/\/hora-instruments.com\/ro\/comunitate\/","url":"https:\/\/hora-instruments.com\/ro\/comunitate\/","name":"Comunitate - Instrumente Hora","isPartOf":{"@id":"https:\/\/hora-instruments.com\/ro\/#website"},"primaryImageOfPage":{"@id":"https:\/\/hora-instruments.com\/ro\/comunitate\/#primaryimage"},"image":{"@id":"https:\/\/hora-instruments.com\/ro\/comunitate\/#primaryimage"},"thumbnailUrl":"https:\/\/hora-instruments.com\/ro\/wp-content\/uploads\/2024\/08\/DavidOistrah-700x727.jpg","datePublished":"2024-08-14T05:24:39+00:00","dateModified":"2025-08-21T10:29:29+00:00","breadcrumb":{"@id":"https:\/\/hora-instruments.com\/ro\/comunitate\/#breadcrumb"},"inLanguage":"ro-RO","potentialAction":[{"@type":"ReadAction","target":["https:\/\/hora-instruments.com\/ro\/comunitate\/"]}]},{"@type":"ImageObject","inLanguage":"ro-RO","@id":"https:\/\/hora-instruments.com\/ro\/comunitate\/#primaryimage","url":"https:\/\/hora-instruments.com\/ro\/wp-content\/uploads\/2024\/08\/DavidOistrah.jpg","contentUrl":"https:\/\/hora-instruments.com\/ro\/wp-content\/uploads\/2024\/08\/DavidOistrah.jpg","width":866,"height":900},{"@type":"BreadcrumbList","@id":"https:\/\/hora-instruments.com\/ro\/comunitate\/#breadcrumb","itemListElement":[{"@type":"ListItem","position":1,"name":"Prima pagin\u0103","item":"https:\/\/hora-instruments.com\/ro\/"},{"@type":"ListItem","position":2,"name":"Comunitate"}]},{"@type":"WebSite","@id":"https:\/\/hora-instruments.com\/ro\/#website","url":"https:\/\/hora-instruments.com\/ro\/","name":"Instrumente Hora","description":"","publisher":{"@id":"https:\/\/hora-instruments.com\/ro\/#organization"},"potentialAction":[{"@type":"SearchAction","target":{"@type":"EntryPoint","urlTemplate":"https:\/\/hora-instruments.com\/ro\/?s={search_term_string}"},"query-input":{"@type":"PropertyValueSpecification","valueRequired":true,"valueName":"search_term_string"}}],"inLanguage":"ro-RO"},{"@type":"Organization","@id":"https:\/\/hora-instruments.com\/ro\/#organization","name":"Instrumente Hora","url":"https:\/\/hora-instruments.com\/ro\/","logo":{"@type":"ImageObject","inLanguage":"ro-RO","@id":"https:\/\/hora-instruments.com\/ro\/#\/schema\/logo\/image\/","url":"https:\/\/hora-instruments.com\/ro\/wp-content\/uploads\/2024\/10\/hora-instruments.png","contentUrl":"https:\/\/hora-instruments.com\/ro\/wp-content\/uploads\/2024\/10\/hora-instruments.png","width":154,"height":154,"caption":"Instrumente Hora"},"image":{"@id":"https:\/\/hora-instruments.com\/ro\/#\/schema\/logo\/image\/"},"sameAs":["https:\/\/www.facebook.com\/hora.instruments","https:\/\/www.instagram.com\/hora.factory\/"]}]}},"_links":{"self":[{"href":"https:\/\/hora-instruments.com\/ro\/wp-json\/wp\/v2\/pages\/2075","targetHints":{"allow":["GET"]}}],"collection":[{"href":"https:\/\/hora-instruments.com\/ro\/wp-json\/wp\/v2\/pages"}],"about":[{"href":"https:\/\/hora-instruments.com\/ro\/wp-json\/wp\/v2\/types\/page"}],"author":[{"embeddable":true,"href":"https:\/\/hora-instruments.com\/ro\/wp-json\/wp\/v2\/users\/1"}],"replies":[{"embeddable":true,"href":"https:\/\/hora-instruments.com\/ro\/wp-json\/wp\/v2\/comments?post=2075"}],"version-history":[{"count":24,"href":"https:\/\/hora-instruments.com\/ro\/wp-json\/wp\/v2\/pages\/2075\/revisions"}],"predecessor-version":[{"id":2944,"href":"https:\/\/hora-instruments.com\/ro\/wp-json\/wp\/v2\/pages\/2075\/revisions\/2944"}],"wp:attachment":[{"href":"https:\/\/hora-instruments.com\/ro\/wp-json\/wp\/v2\/media?parent=2075"}],"curies":[{"name":"wp","href":"https:\/\/api.w.org\/{rel}","templated":true}]}}