{"id":2223,"date":"2024-08-22T04:30:58","date_gmt":"2024-08-22T04:30:58","guid":{"rendered":"https:\/\/lvfoto.ro\/hora\/?page_id=2223"},"modified":"2024-09-17T09:28:32","modified_gmt":"2024-09-17T09:28:32","slug":"vioara-abreviere-in-notarea-muzicii","status":"publish","type":"page","link":"https:\/\/hora-instruments.com\/ro\/vioara-abreviere-in-notarea-muzicii\/","title":{"rendered":"Vioara &#8211; Abreviere \u00een notarea muzicii"},"content":{"rendered":"<h2 class=\"elementor-heading-title elementor-size-large\">Vioar\u0103 &#8211; harta notelor<\/h2>\n<table style=\"border-collapse: collapse; width: 100%;\">\n<tbody>\n<tr>\n<td style=\"width: 33.3333%;\"><a href=\"https:\/\/hora-instruments.com\/ro\/wp-content\/uploads\/2024\/09\/NoteRo1-1.jpg\"><img decoding=\"async\" width=\"267\" height=\"162\" class=\"alignnone size-full wp-image-2772\" src=\"https:\/\/hora-instruments.com\/ro\/wp-content\/uploads\/2024\/09\/NoteRo1-1.jpg\" alt=\"\" srcset=\"https:\/\/hora-instruments.com\/ro\/wp-content\/uploads\/2024\/09\/NoteRo1-1.jpg 267w, https:\/\/hora-instruments.com\/ro\/wp-content\/uploads\/2024\/09\/NoteRo1-1-250x152.jpg 250w, https:\/\/hora-instruments.com\/ro\/wp-content\/uploads\/2024\/09\/NoteRo1-1-120x73.jpg 120w\" sizes=\"(max-width: 267px) 100vw, 267px\" \/><\/a><\/td>\n<td style=\"width: 33.3333%;\"><a href=\"https:\/\/hora-instruments.com\/ro\/wp-content\/uploads\/2024\/08\/Abbreviation-violin-2.jpg\"><img fetchpriority=\"high\" decoding=\"async\" width=\"175\" height=\"583\" class=\"alignnone size-full wp-image-2225\" src=\"https:\/\/hora-instruments.com\/ro\/wp-content\/uploads\/2024\/08\/Abbreviation-violin-2.jpg\" alt=\"\" srcset=\"https:\/\/hora-instruments.com\/ro\/wp-content\/uploads\/2024\/08\/Abbreviation-violin-2.jpg 175w, https:\/\/hora-instruments.com\/ro\/wp-content\/uploads\/2024\/08\/Abbreviation-violin-2-120x400.jpg 120w\" sizes=\"(max-width: 175px) 100vw, 175px\" \/><\/a><\/td>\n<td style=\"width: 33.3333%;\"><a href=\"https:\/\/hora-instruments.com\/ro\/wp-content\/uploads\/2024\/08\/Abbreviation-violin-3.jpg\"><img decoding=\"async\" width=\"339\" height=\"572\" class=\"alignnone size-full wp-image-2226\" src=\"https:\/\/hora-instruments.com\/ro\/wp-content\/uploads\/2024\/08\/Abbreviation-violin-3.jpg\" alt=\"\" srcset=\"https:\/\/hora-instruments.com\/ro\/wp-content\/uploads\/2024\/08\/Abbreviation-violin-3.jpg 339w, https:\/\/hora-instruments.com\/ro\/wp-content\/uploads\/2024\/08\/Abbreviation-violin-3-250x422.jpg 250w, https:\/\/hora-instruments.com\/ro\/wp-content\/uploads\/2024\/08\/Abbreviation-violin-3-120x202.jpg 120w\" sizes=\"(max-width: 339px) 100vw, 339px\" \/><\/a><\/td>\n<\/tr>\n<\/tbody>\n<\/table>\n<h2 class=\"elementor-heading-title elementor-size-default\">Altera\u0163ii Majore\/Minore<\/h2>\n<p><a href=\"https:\/\/hora-instruments.com\/ro\/wp-content\/uploads\/2024\/08\/Abbreviation-violin-4.jpg\"><img loading=\"lazy\" decoding=\"async\" width=\"1024\" height=\"145\" class=\"alignnone size-full wp-image-2227\" src=\"https:\/\/hora-instruments.com\/ro\/wp-content\/uploads\/2024\/08\/Abbreviation-violin-4.jpg\" alt=\"\" srcset=\"https:\/\/hora-instruments.com\/ro\/wp-content\/uploads\/2024\/08\/Abbreviation-violin-4.jpg 1024w, https:\/\/hora-instruments.com\/ro\/wp-content\/uploads\/2024\/08\/Abbreviation-violin-4-250x35.jpg 250w, https:\/\/hora-instruments.com\/ro\/wp-content\/uploads\/2024\/08\/Abbreviation-violin-4-700x99.jpg 700w, https:\/\/hora-instruments.com\/ro\/wp-content\/uploads\/2024\/08\/Abbreviation-violin-4-768x109.jpg 768w, https:\/\/hora-instruments.com\/ro\/wp-content\/uploads\/2024\/08\/Abbreviation-violin-4-120x17.jpg 120w\" sizes=\"(max-width: 1024px) 100vw, 1024px\" \/><\/a><\/p>\n<h2 class=\"elementor-heading-title elementor-size-default\">Denumirea notelor \u00een diverse limbi \u015fi \u0163\u0103ri<\/h2>\n<p><a href=\"https:\/\/hora-instruments.com\/ro\/wp-content\/uploads\/2024\/08\/Abbreviation-violin-5.jpg\"><img loading=\"lazy\" decoding=\"async\" width=\"1024\" height=\"90\" class=\"alignnone size-full wp-image-2228\" src=\"https:\/\/hora-instruments.com\/ro\/wp-content\/uploads\/2024\/08\/Abbreviation-violin-5.jpg\" alt=\"\" srcset=\"https:\/\/hora-instruments.com\/ro\/wp-content\/uploads\/2024\/08\/Abbreviation-violin-5.jpg 1024w, https:\/\/hora-instruments.com\/ro\/wp-content\/uploads\/2024\/08\/Abbreviation-violin-5-250x22.jpg 250w, https:\/\/hora-instruments.com\/ro\/wp-content\/uploads\/2024\/08\/Abbreviation-violin-5-700x62.jpg 700w, https:\/\/hora-instruments.com\/ro\/wp-content\/uploads\/2024\/08\/Abbreviation-violin-5-768x68.jpg 768w, https:\/\/hora-instruments.com\/ro\/wp-content\/uploads\/2024\/08\/Abbreviation-violin-5-120x11.jpg 120w\" sizes=\"(max-width: 1024px) 100vw, 1024px\" \/><\/a><\/p>\n<p><a href=\"https:\/\/hora-instruments.com\/ro\/wp-content\/uploads\/2024\/08\/Abbreviation-violin-6.jpg\"><img loading=\"lazy\" decoding=\"async\" width=\"1024\" height=\"146\" class=\"alignnone size-full wp-image-2229\" src=\"https:\/\/hora-instruments.com\/ro\/wp-content\/uploads\/2024\/08\/Abbreviation-violin-6.jpg\" alt=\"\" srcset=\"https:\/\/hora-instruments.com\/ro\/wp-content\/uploads\/2024\/08\/Abbreviation-violin-6.jpg 1024w, https:\/\/hora-instruments.com\/ro\/wp-content\/uploads\/2024\/08\/Abbreviation-violin-6-250x36.jpg 250w, https:\/\/hora-instruments.com\/ro\/wp-content\/uploads\/2024\/08\/Abbreviation-violin-6-700x100.jpg 700w, https:\/\/hora-instruments.com\/ro\/wp-content\/uploads\/2024\/08\/Abbreviation-violin-6-768x110.jpg 768w, https:\/\/hora-instruments.com\/ro\/wp-content\/uploads\/2024\/08\/Abbreviation-violin-6-120x17.jpg 120w\" sizes=\"(max-width: 1024px) 100vw, 1024px\" \/><\/a><\/p>\n<p><a href=\"https:\/\/hora-instruments.com\/ro\/wp-content\/uploads\/2024\/08\/Abbreviation-violin-8.jpg\"><img loading=\"lazy\" decoding=\"async\" width=\"1024\" height=\"166\" class=\"alignnone size-full wp-image-2230\" src=\"https:\/\/hora-instruments.com\/ro\/wp-content\/uploads\/2024\/08\/Abbreviation-violin-8.jpg\" alt=\"\" srcset=\"https:\/\/hora-instruments.com\/ro\/wp-content\/uploads\/2024\/08\/Abbreviation-violin-8.jpg 1024w, https:\/\/hora-instruments.com\/ro\/wp-content\/uploads\/2024\/08\/Abbreviation-violin-8-250x41.jpg 250w, https:\/\/hora-instruments.com\/ro\/wp-content\/uploads\/2024\/08\/Abbreviation-violin-8-700x113.jpg 700w, https:\/\/hora-instruments.com\/ro\/wp-content\/uploads\/2024\/08\/Abbreviation-violin-8-768x125.jpg 768w, https:\/\/hora-instruments.com\/ro\/wp-content\/uploads\/2024\/08\/Abbreviation-violin-8-120x19.jpg 120w\" sizes=\"(max-width: 1024px) 100vw, 1024px\" \/><\/a><\/p>\n<p><a href=\"https:\/\/hora-instruments.com\/ro\/wp-content\/uploads\/2024\/08\/Abbreviation-violin-9.jpg\"><img loading=\"lazy\" decoding=\"async\" width=\"1024\" height=\"91\" class=\"alignnone size-full wp-image-2231\" src=\"https:\/\/hora-instruments.com\/ro\/wp-content\/uploads\/2024\/08\/Abbreviation-violin-9.jpg\" alt=\"\" srcset=\"https:\/\/hora-instruments.com\/ro\/wp-content\/uploads\/2024\/08\/Abbreviation-violin-9.jpg 1024w, https:\/\/hora-instruments.com\/ro\/wp-content\/uploads\/2024\/08\/Abbreviation-violin-9-250x22.jpg 250w, https:\/\/hora-instruments.com\/ro\/wp-content\/uploads\/2024\/08\/Abbreviation-violin-9-700x62.jpg 700w, https:\/\/hora-instruments.com\/ro\/wp-content\/uploads\/2024\/08\/Abbreviation-violin-9-768x68.jpg 768w, https:\/\/hora-instruments.com\/ro\/wp-content\/uploads\/2024\/08\/Abbreviation-violin-9-120x11.jpg 120w\" sizes=\"(max-width: 1024px) 100vw, 1024px\" \/><\/a><\/p>\n<p><a href=\"https:\/\/hora-instruments.com\/ro\/wp-content\/uploads\/2024\/08\/Abbreviation-violin-10.jpg\"><img loading=\"lazy\" decoding=\"async\" width=\"1024\" height=\"70\" class=\"alignnone size-full wp-image-2232\" src=\"https:\/\/hora-instruments.com\/ro\/wp-content\/uploads\/2024\/08\/Abbreviation-violin-10.jpg\" alt=\"\" srcset=\"https:\/\/hora-instruments.com\/ro\/wp-content\/uploads\/2024\/08\/Abbreviation-violin-10.jpg 1024w, https:\/\/hora-instruments.com\/ro\/wp-content\/uploads\/2024\/08\/Abbreviation-violin-10-250x17.jpg 250w, https:\/\/hora-instruments.com\/ro\/wp-content\/uploads\/2024\/08\/Abbreviation-violin-10-700x48.jpg 700w, https:\/\/hora-instruments.com\/ro\/wp-content\/uploads\/2024\/08\/Abbreviation-violin-10-768x53.jpg 768w, https:\/\/hora-instruments.com\/ro\/wp-content\/uploads\/2024\/08\/Abbreviation-violin-10-120x8.jpg 120w\" sizes=\"(max-width: 1024px) 100vw, 1024px\" \/><\/a><\/p>\n<p><a href=\"https:\/\/hora-instruments.com\/ro\/wp-content\/uploads\/2024\/08\/Abbreviation-violin-11.jpg\"><img loading=\"lazy\" decoding=\"async\" width=\"1024\" height=\"64\" class=\"alignnone size-full wp-image-2233\" src=\"https:\/\/hora-instruments.com\/ro\/wp-content\/uploads\/2024\/08\/Abbreviation-violin-11.jpg\" alt=\"\" srcset=\"https:\/\/hora-instruments.com\/ro\/wp-content\/uploads\/2024\/08\/Abbreviation-violin-11.jpg 1024w, https:\/\/hora-instruments.com\/ro\/wp-content\/uploads\/2024\/08\/Abbreviation-violin-11-250x16.jpg 250w, https:\/\/hora-instruments.com\/ro\/wp-content\/uploads\/2024\/08\/Abbreviation-violin-11-700x44.jpg 700w, https:\/\/hora-instruments.com\/ro\/wp-content\/uploads\/2024\/08\/Abbreviation-violin-11-768x48.jpg 768w, https:\/\/hora-instruments.com\/ro\/wp-content\/uploads\/2024\/08\/Abbreviation-violin-11-120x8.jpg 120w\" sizes=\"(max-width: 1024px) 100vw, 1024px\" \/><\/a><\/p>\n<p><a href=\"https:\/\/hora-instruments.com\/ro\/wp-content\/uploads\/2024\/08\/Abbreviation-violin-12.jpg\"><img loading=\"lazy\" decoding=\"async\" width=\"1024\" height=\"90\" class=\"alignnone size-full wp-image-2234\" src=\"https:\/\/hora-instruments.com\/ro\/wp-content\/uploads\/2024\/08\/Abbreviation-violin-12.jpg\" alt=\"\" srcset=\"https:\/\/hora-instruments.com\/ro\/wp-content\/uploads\/2024\/08\/Abbreviation-violin-12.jpg 1024w, https:\/\/hora-instruments.com\/ro\/wp-content\/uploads\/2024\/08\/Abbreviation-violin-12-250x22.jpg 250w, https:\/\/hora-instruments.com\/ro\/wp-content\/uploads\/2024\/08\/Abbreviation-violin-12-700x62.jpg 700w, https:\/\/hora-instruments.com\/ro\/wp-content\/uploads\/2024\/08\/Abbreviation-violin-12-768x68.jpg 768w, https:\/\/hora-instruments.com\/ro\/wp-content\/uploads\/2024\/08\/Abbreviation-violin-12-120x11.jpg 120w\" sizes=\"(max-width: 1024px) 100vw, 1024px\" \/><\/a><\/p>\n<p><a href=\"https:\/\/hora-instruments.com\/ro\/wp-content\/uploads\/2024\/08\/Abbreviation-violin-13.jpg\"><img loading=\"lazy\" decoding=\"async\" width=\"1024\" height=\"64\" class=\"alignnone size-full wp-image-2235\" src=\"https:\/\/hora-instruments.com\/ro\/wp-content\/uploads\/2024\/08\/Abbreviation-violin-13.jpg\" alt=\"\" srcset=\"https:\/\/hora-instruments.com\/ro\/wp-content\/uploads\/2024\/08\/Abbreviation-violin-13.jpg 1024w, https:\/\/hora-instruments.com\/ro\/wp-content\/uploads\/2024\/08\/Abbreviation-violin-13-250x16.jpg 250w, https:\/\/hora-instruments.com\/ro\/wp-content\/uploads\/2024\/08\/Abbreviation-violin-13-700x44.jpg 700w, https:\/\/hora-instruments.com\/ro\/wp-content\/uploads\/2024\/08\/Abbreviation-violin-13-768x48.jpg 768w, https:\/\/hora-instruments.com\/ro\/wp-content\/uploads\/2024\/08\/Abbreviation-violin-13-120x8.jpg 120w\" sizes=\"(max-width: 1024px) 100vw, 1024px\" \/><\/a><\/p>\n","protected":false},"excerpt":{"rendered":"Vioar\u0103 &#8211; harta notelor Altera\u0163ii Majore\/Minore Denumirea notelor \u00een diverse limbi \u015fi \u0163\u0103ri","protected":false},"author":1,"featured_media":0,"parent":0,"menu_order":18,"comment_status":"closed","ping_status":"closed","template":"","meta":{"_acf_changed":false,"footnotes":""},"class_list":["post-2223","page","type-page","status-publish","hentry"],"acf":[],"yoast_head":"<!-- This site is optimized with the Yoast SEO plugin v26.4 - https:\/\/yoast.com\/wordpress\/plugins\/seo\/ -->\n<title>Vioara - Abreviere \u00een notarea muzicii - Instrumente Hora<\/title>\n<meta name=\"robots\" content=\"index, follow, max-snippet:-1, max-image-preview:large, max-video-preview:-1\" \/>\n<link rel=\"canonical\" href=\"https:\/\/hora-instruments.com\/ro\/vioara-abreviere-in-notarea-muzicii\/\" \/>\n<meta property=\"og:locale\" content=\"ro_RO\" \/>\n<meta property=\"og:type\" content=\"article\" \/>\n<meta property=\"og:title\" content=\"Vioara - Abreviere \u00een notarea muzicii - Instrumente Hora\" \/>\n<meta property=\"og:description\" content=\"Vioar\u0103 &#8211; harta notelor Altera\u0163ii Majore\/Minore Denumirea notelor \u00een diverse limbi \u015fi \u0163\u0103ri\" \/>\n<meta property=\"og:url\" content=\"https:\/\/hora-instruments.com\/ro\/vioara-abreviere-in-notarea-muzicii\/\" \/>\n<meta property=\"og:site_name\" content=\"Instrumente Hora\" \/>\n<meta property=\"article:publisher\" content=\"https:\/\/www.facebook.com\/hora.instruments\" \/>\n<meta property=\"article:modified_time\" content=\"2024-09-17T09:28:32+00:00\" \/>\n<meta property=\"og:image\" content=\"https:\/\/hora-instruments.com\/ro\/wp-content\/uploads\/2024\/09\/NoteRo1-1.jpg\" \/>\n\t<meta property=\"og:image:width\" content=\"267\" \/>\n\t<meta property=\"og:image:height\" content=\"162\" \/>\n\t<meta property=\"og:image:type\" content=\"image\/jpeg\" \/>\n<meta name=\"twitter:card\" content=\"summary_large_image\" \/>\n<script type=\"application\/ld+json\" class=\"yoast-schema-graph\">{\"@context\":\"https:\/\/schema.org\",\"@graph\":[{\"@type\":\"WebPage\",\"@id\":\"https:\/\/hora-instruments.com\/ro\/vioara-abreviere-in-notarea-muzicii\/\",\"url\":\"https:\/\/hora-instruments.com\/ro\/vioara-abreviere-in-notarea-muzicii\/\",\"name\":\"Vioara - Abreviere \u00een notarea muzicii - Instrumente Hora\",\"isPartOf\":{\"@id\":\"https:\/\/hora-instruments.com\/ro\/#website\"},\"primaryImageOfPage\":{\"@id\":\"https:\/\/hora-instruments.com\/ro\/vioara-abreviere-in-notarea-muzicii\/#primaryimage\"},\"image\":{\"@id\":\"https:\/\/hora-instruments.com\/ro\/vioara-abreviere-in-notarea-muzicii\/#primaryimage\"},\"thumbnailUrl\":\"https:\/\/hora-instruments.com\/ro\/wp-content\/uploads\/2024\/09\/NoteRo1-1.jpg\",\"datePublished\":\"2024-08-22T04:30:58+00:00\",\"dateModified\":\"2024-09-17T09:28:32+00:00\",\"breadcrumb\":{\"@id\":\"https:\/\/hora-instruments.com\/ro\/vioara-abreviere-in-notarea-muzicii\/#breadcrumb\"},\"inLanguage\":\"ro-RO\",\"potentialAction\":[{\"@type\":\"ReadAction\",\"target\":[\"https:\/\/hora-instruments.com\/ro\/vioara-abreviere-in-notarea-muzicii\/\"]}]},{\"@type\":\"ImageObject\",\"inLanguage\":\"ro-RO\",\"@id\":\"https:\/\/hora-instruments.com\/ro\/vioara-abreviere-in-notarea-muzicii\/#primaryimage\",\"url\":\"https:\/\/hora-instruments.com\/ro\/wp-content\/uploads\/2024\/09\/NoteRo1-1.jpg\",\"contentUrl\":\"https:\/\/hora-instruments.com\/ro\/wp-content\/uploads\/2024\/09\/NoteRo1-1.jpg\"},{\"@type\":\"BreadcrumbList\",\"@id\":\"https:\/\/hora-instruments.com\/ro\/vioara-abreviere-in-notarea-muzicii\/#breadcrumb\",\"itemListElement\":[{\"@type\":\"ListItem\",\"position\":1,\"name\":\"Prima pagin\u0103\",\"item\":\"https:\/\/hora-instruments.com\/ro\/\"},{\"@type\":\"ListItem\",\"position\":2,\"name\":\"Vioara &#8211; Abreviere \u00een notarea muzicii\"}]},{\"@type\":\"WebSite\",\"@id\":\"https:\/\/hora-instruments.com\/ro\/#website\",\"url\":\"https:\/\/hora-instruments.com\/ro\/\",\"name\":\"Instrumente Hora\",\"description\":\"\",\"publisher\":{\"@id\":\"https:\/\/hora-instruments.com\/ro\/#organization\"},\"potentialAction\":[{\"@type\":\"SearchAction\",\"target\":{\"@type\":\"EntryPoint\",\"urlTemplate\":\"https:\/\/hora-instruments.com\/ro\/?s={search_term_string}\"},\"query-input\":{\"@type\":\"PropertyValueSpecification\",\"valueRequired\":true,\"valueName\":\"search_term_string\"}}],\"inLanguage\":\"ro-RO\"},{\"@type\":\"Organization\",\"@id\":\"https:\/\/hora-instruments.com\/ro\/#organization\",\"name\":\"Instrumente Hora\",\"url\":\"https:\/\/hora-instruments.com\/ro\/\",\"logo\":{\"@type\":\"ImageObject\",\"inLanguage\":\"ro-RO\",\"@id\":\"https:\/\/hora-instruments.com\/ro\/#\/schema\/logo\/image\/\",\"url\":\"https:\/\/hora-instruments.com\/ro\/wp-content\/uploads\/2024\/10\/hora-instruments.png\",\"contentUrl\":\"https:\/\/hora-instruments.com\/ro\/wp-content\/uploads\/2024\/10\/hora-instruments.png\",\"width\":154,\"height\":154,\"caption\":\"Instrumente Hora\"},\"image\":{\"@id\":\"https:\/\/hora-instruments.com\/ro\/#\/schema\/logo\/image\/\"},\"sameAs\":[\"https:\/\/www.facebook.com\/hora.instruments\",\"https:\/\/www.instagram.com\/hora.factory\/\"]}]}<\/script>\n<!-- \/ Yoast SEO plugin. -->","yoast_head_json":{"title":"Vioara - Abreviere \u00een notarea muzicii - Instrumente Hora","robots":{"index":"index","follow":"follow","max-snippet":"max-snippet:-1","max-image-preview":"max-image-preview:large","max-video-preview":"max-video-preview:-1"},"canonical":"https:\/\/hora-instruments.com\/ro\/vioara-abreviere-in-notarea-muzicii\/","og_locale":"ro_RO","og_type":"article","og_title":"Vioara - Abreviere \u00een notarea muzicii - Instrumente Hora","og_description":"Vioar\u0103 &#8211; harta notelor Altera\u0163ii Majore\/Minore Denumirea notelor \u00een diverse limbi \u015fi \u0163\u0103ri","og_url":"https:\/\/hora-instruments.com\/ro\/vioara-abreviere-in-notarea-muzicii\/","og_site_name":"Instrumente Hora","article_publisher":"https:\/\/www.facebook.com\/hora.instruments","article_modified_time":"2024-09-17T09:28:32+00:00","og_image":[{"width":267,"height":162,"url":"https:\/\/hora-instruments.com\/ro\/wp-content\/uploads\/2024\/09\/NoteRo1-1.jpg","type":"image\/jpeg"}],"twitter_card":"summary_large_image","schema":{"@context":"https:\/\/schema.org","@graph":[{"@type":"WebPage","@id":"https:\/\/hora-instruments.com\/ro\/vioara-abreviere-in-notarea-muzicii\/","url":"https:\/\/hora-instruments.com\/ro\/vioara-abreviere-in-notarea-muzicii\/","name":"Vioara - Abreviere \u00een notarea muzicii - Instrumente Hora","isPartOf":{"@id":"https:\/\/hora-instruments.com\/ro\/#website"},"primaryImageOfPage":{"@id":"https:\/\/hora-instruments.com\/ro\/vioara-abreviere-in-notarea-muzicii\/#primaryimage"},"image":{"@id":"https:\/\/hora-instruments.com\/ro\/vioara-abreviere-in-notarea-muzicii\/#primaryimage"},"thumbnailUrl":"https:\/\/hora-instruments.com\/ro\/wp-content\/uploads\/2024\/09\/NoteRo1-1.jpg","datePublished":"2024-08-22T04:30:58+00:00","dateModified":"2024-09-17T09:28:32+00:00","breadcrumb":{"@id":"https:\/\/hora-instruments.com\/ro\/vioara-abreviere-in-notarea-muzicii\/#breadcrumb"},"inLanguage":"ro-RO","potentialAction":[{"@type":"ReadAction","target":["https:\/\/hora-instruments.com\/ro\/vioara-abreviere-in-notarea-muzicii\/"]}]},{"@type":"ImageObject","inLanguage":"ro-RO","@id":"https:\/\/hora-instruments.com\/ro\/vioara-abreviere-in-notarea-muzicii\/#primaryimage","url":"https:\/\/hora-instruments.com\/ro\/wp-content\/uploads\/2024\/09\/NoteRo1-1.jpg","contentUrl":"https:\/\/hora-instruments.com\/ro\/wp-content\/uploads\/2024\/09\/NoteRo1-1.jpg"},{"@type":"BreadcrumbList","@id":"https:\/\/hora-instruments.com\/ro\/vioara-abreviere-in-notarea-muzicii\/#breadcrumb","itemListElement":[{"@type":"ListItem","position":1,"name":"Prima pagin\u0103","item":"https:\/\/hora-instruments.com\/ro\/"},{"@type":"ListItem","position":2,"name":"Vioara &#8211; Abreviere \u00een notarea muzicii"}]},{"@type":"WebSite","@id":"https:\/\/hora-instruments.com\/ro\/#website","url":"https:\/\/hora-instruments.com\/ro\/","name":"Instrumente Hora","description":"","publisher":{"@id":"https:\/\/hora-instruments.com\/ro\/#organization"},"potentialAction":[{"@type":"SearchAction","target":{"@type":"EntryPoint","urlTemplate":"https:\/\/hora-instruments.com\/ro\/?s={search_term_string}"},"query-input":{"@type":"PropertyValueSpecification","valueRequired":true,"valueName":"search_term_string"}}],"inLanguage":"ro-RO"},{"@type":"Organization","@id":"https:\/\/hora-instruments.com\/ro\/#organization","name":"Instrumente Hora","url":"https:\/\/hora-instruments.com\/ro\/","logo":{"@type":"ImageObject","inLanguage":"ro-RO","@id":"https:\/\/hora-instruments.com\/ro\/#\/schema\/logo\/image\/","url":"https:\/\/hora-instruments.com\/ro\/wp-content\/uploads\/2024\/10\/hora-instruments.png","contentUrl":"https:\/\/hora-instruments.com\/ro\/wp-content\/uploads\/2024\/10\/hora-instruments.png","width":154,"height":154,"caption":"Instrumente Hora"},"image":{"@id":"https:\/\/hora-instruments.com\/ro\/#\/schema\/logo\/image\/"},"sameAs":["https:\/\/www.facebook.com\/hora.instruments","https:\/\/www.instagram.com\/hora.factory\/"]}]}},"_links":{"self":[{"href":"https:\/\/hora-instruments.com\/ro\/wp-json\/wp\/v2\/pages\/2223","targetHints":{"allow":["GET"]}}],"collection":[{"href":"https:\/\/hora-instruments.com\/ro\/wp-json\/wp\/v2\/pages"}],"about":[{"href":"https:\/\/hora-instruments.com\/ro\/wp-json\/wp\/v2\/types\/page"}],"author":[{"embeddable":true,"href":"https:\/\/hora-instruments.com\/ro\/wp-json\/wp\/v2\/users\/1"}],"replies":[{"embeddable":true,"href":"https:\/\/hora-instruments.com\/ro\/wp-json\/wp\/v2\/comments?post=2223"}],"version-history":[{"count":4,"href":"https:\/\/hora-instruments.com\/ro\/wp-json\/wp\/v2\/pages\/2223\/revisions"}],"predecessor-version":[{"id":2775,"href":"https:\/\/hora-instruments.com\/ro\/wp-json\/wp\/v2\/pages\/2223\/revisions\/2775"}],"wp:attachment":[{"href":"https:\/\/hora-instruments.com\/ro\/wp-json\/wp\/v2\/media?parent=2223"}],"curies":[{"name":"wp","href":"https:\/\/api.w.org\/{rel}","templated":true}]}}