{"id":2271,"date":"2024-08-22T09:56:26","date_gmt":"2024-08-22T09:56:26","guid":{"rendered":"https:\/\/lvfoto.ro\/hora\/?page_id=2271"},"modified":"2024-09-17T10:07:55","modified_gmt":"2024-09-17T10:07:55","slug":"viola-abreviere-in-notarea-muzicii-traditionale","status":"publish","type":"page","link":"https:\/\/hora-instruments.com\/ro\/viola-abreviere-in-notarea-muzicii-traditionale\/","title":{"rendered":"Viol\u0103 &#8211; Abreviere \u00een notarea muzicii tradi\u0163ionale"},"content":{"rendered":"\t\t<div data-elementor-type=\"wp-page\" data-elementor-id=\"2271\" class=\"elementor elementor-2271\">\n\t\t\t\t<div class=\"elementor-element elementor-element-38bcfa8 e-flex e-con-boxed e-con e-parent\" data-id=\"38bcfa8\" data-element_type=\"container\">\n\t\t\t\t\t<div class=\"e-con-inner\">\n\t\t<div class=\"elementor-element elementor-element-c692afa e-con-full e-flex e-con e-child\" data-id=\"c692afa\" data-element_type=\"container\">\n\t\t\t\t<div class=\"elementor-element elementor-element-2476456 elementor-widget elementor-widget-image\" data-id=\"2476456\" data-element_type=\"widget\" data-widget_type=\"image.default\">\n\t\t\t\t<div class=\"elementor-widget-container\">\n\t\t\t\t\t\t\t\t\t\t\t\t\t\t\t\t<a href=\"https:\/\/lvfoto.ro\/hora\/wp-content\/uploads\/2024\/08\/Abbreviations-viola-1.jpg\" data-elementor-open-lightbox=\"yes\" data-elementor-lightbox-title=\"Abbreviations-viola-1\" data-e-action-hash=\"#elementor-action%3Aaction%3Dlightbox%26settings%3DeyJpZCI6MjI3MiwidXJsIjoiaHR0cHM6XC9cL2hvcmEtaW5zdHJ1bWVudHMuY29tXC9yb1wvd3AtY29udGVudFwvdXBsb2Fkc1wvMjAyNFwvMDhcL0FiYnJldmlhdGlvbnMtdmlvbGEtMS5qcGcifQ%3D%3D\">\n\t\t\t\t\t\t\t<img decoding=\"async\" width=\"230\" height=\"94\" src=\"https:\/\/hora-instruments.com\/ro\/wp-content\/uploads\/2024\/08\/Abbreviations-viola-1.jpg\" class=\"attachment-large size-large wp-image-2272\" alt=\"\" srcset=\"https:\/\/hora-instruments.com\/ro\/wp-content\/uploads\/2024\/08\/Abbreviations-viola-1.jpg 230w, https:\/\/hora-instruments.com\/ro\/wp-content\/uploads\/2024\/08\/Abbreviations-viola-1-120x49.jpg 120w\" sizes=\"(max-width: 230px) 100vw, 230px\" \/>\t\t\t\t\t\t\t\t<\/a>\n\t\t\t\t\t\t\t\t\t\t\t\t\t\t\t<\/div>\n\t\t\t\t<\/div>\n\t\t\t\t<\/div>\n\t\t<div class=\"elementor-element elementor-element-17f61fd e-con-full e-flex e-con e-child\" data-id=\"17f61fd\" data-element_type=\"container\">\n\t\t\t\t<div class=\"elementor-element elementor-element-93d8850 elementor-widget elementor-widget-image\" data-id=\"93d8850\" data-element_type=\"widget\" data-widget_type=\"image.default\">\n\t\t\t\t<div class=\"elementor-widget-container\">\n\t\t\t\t\t\t\t\t\t\t\t\t\t\t\t\t<a href=\"https:\/\/lvfoto.ro\/hora\/wp-content\/uploads\/2024\/08\/Abbreviations-viola-2.jpg\" data-elementor-open-lightbox=\"yes\" data-elementor-lightbox-title=\"Abbreviations-viola-2\" data-e-action-hash=\"#elementor-action%3Aaction%3Dlightbox%26settings%3DeyJpZCI6MjI3MywidXJsIjoiaHR0cHM6XC9cL2hvcmEtaW5zdHJ1bWVudHMuY29tXC9yb1wvd3AtY29udGVudFwvdXBsb2Fkc1wvMjAyNFwvMDhcL0FiYnJldmlhdGlvbnMtdmlvbGEtMi5qcGcifQ%3D%3D\">\n\t\t\t\t\t\t\t<img decoding=\"async\" src=\"https:\/\/hora-instruments.com\/ro\/wp-content\/uploads\/2024\/08\/Abbreviations-viola-2.jpg\" title=\"Abbreviations-viola-2\" alt=\"Abbreviations-viola-2\" loading=\"lazy\" \/>\t\t\t\t\t\t\t\t<\/a>\n\t\t\t\t\t\t\t\t\t\t\t\t\t\t\t<\/div>\n\t\t\t\t<\/div>\n\t\t\t\t<\/div>\n\t\t<div class=\"elementor-element elementor-element-27b2972 e-con-full e-flex e-con e-child\" data-id=\"27b2972\" data-element_type=\"container\">\n\t\t\t\t<div class=\"elementor-element elementor-element-b9f3da4 elementor-widget elementor-widget-image\" data-id=\"b9f3da4\" data-element_type=\"widget\" data-widget_type=\"image.default\">\n\t\t\t\t<div class=\"elementor-widget-container\">\n\t\t\t\t\t\t\t\t\t\t\t\t\t\t\t\t<a href=\"https:\/\/lvfoto.ro\/hora\/wp-content\/uploads\/2024\/08\/Abbreviations-viola-3.jpg\" data-elementor-open-lightbox=\"yes\" data-elementor-lightbox-title=\"Abbreviations-viola-3\" data-e-action-hash=\"#elementor-action%3Aaction%3Dlightbox%26settings%3DeyJpZCI6MjI3NCwidXJsIjoiaHR0cHM6XC9cL2hvcmEtaW5zdHJ1bWVudHMuY29tXC9yb1wvd3AtY29udGVudFwvdXBsb2Fkc1wvMjAyNFwvMDhcL0FiYnJldmlhdGlvbnMtdmlvbGEtMy5qcGcifQ%3D%3D\">\n\t\t\t\t\t\t\t<img fetchpriority=\"high\" decoding=\"async\" width=\"339\" height=\"572\" src=\"https:\/\/hora-instruments.com\/ro\/wp-content\/uploads\/2024\/08\/Abbreviations-viola-3.jpg\" class=\"attachment-large size-large wp-image-2274\" alt=\"\" srcset=\"https:\/\/hora-instruments.com\/ro\/wp-content\/uploads\/2024\/08\/Abbreviations-viola-3.jpg 339w, https:\/\/hora-instruments.com\/ro\/wp-content\/uploads\/2024\/08\/Abbreviations-viola-3-250x422.jpg 250w, https:\/\/hora-instruments.com\/ro\/wp-content\/uploads\/2024\/08\/Abbreviations-viola-3-120x202.jpg 120w\" sizes=\"(max-width: 339px) 100vw, 339px\" \/>\t\t\t\t\t\t\t\t<\/a>\n\t\t\t\t\t\t\t\t\t\t\t\t\t\t\t<\/div>\n\t\t\t\t<\/div>\n\t\t\t\t<\/div>\n\t\t\t\t\t<\/div>\n\t\t\t\t<\/div>\n\t\t\t\t<\/div>\n\t\t","protected":false},"excerpt":{"rendered":"","protected":false},"author":1,"featured_media":0,"parent":0,"menu_order":14,"comment_status":"closed","ping_status":"closed","template":"","meta":{"_acf_changed":false,"footnotes":""},"class_list":["post-2271","page","type-page","status-publish","hentry"],"acf":[],"yoast_head":"<!-- This site is optimized with the Yoast SEO plugin v26.4 - https:\/\/yoast.com\/wordpress\/plugins\/seo\/ -->\n<title>Viol\u0103 - Abreviere \u00een notarea muzicii tradi\u0163ionale - Instrumente Hora<\/title>\n<meta name=\"robots\" content=\"index, follow, max-snippet:-1, max-image-preview:large, max-video-preview:-1\" \/>\n<link rel=\"canonical\" href=\"https:\/\/hora-instruments.com\/ro\/viola-abreviere-in-notarea-muzicii-traditionale\/\" \/>\n<meta property=\"og:locale\" content=\"ro_RO\" \/>\n<meta property=\"og:type\" content=\"article\" \/>\n<meta property=\"og:title\" content=\"Viol\u0103 - Abreviere \u00een notarea muzicii tradi\u0163ionale - Instrumente Hora\" \/>\n<meta property=\"og:url\" content=\"https:\/\/hora-instruments.com\/ro\/viola-abreviere-in-notarea-muzicii-traditionale\/\" \/>\n<meta property=\"og:site_name\" content=\"Instrumente Hora\" \/>\n<meta property=\"article:publisher\" content=\"https:\/\/www.facebook.com\/hora.instruments\" \/>\n<meta property=\"article:modified_time\" content=\"2024-09-17T10:07:55+00:00\" \/>\n<meta property=\"og:image\" content=\"https:\/\/hora-instruments.com\/ro\/wp-content\/uploads\/2024\/08\/Abbreviations-viola-1.jpg\" \/>\n\t<meta property=\"og:image:width\" content=\"230\" \/>\n\t<meta property=\"og:image:height\" content=\"94\" \/>\n\t<meta property=\"og:image:type\" content=\"image\/jpeg\" \/>\n<meta name=\"twitter:card\" content=\"summary_large_image\" \/>\n<script type=\"application\/ld+json\" class=\"yoast-schema-graph\">{\"@context\":\"https:\/\/schema.org\",\"@graph\":[{\"@type\":\"WebPage\",\"@id\":\"https:\/\/hora-instruments.com\/ro\/viola-abreviere-in-notarea-muzicii-traditionale\/\",\"url\":\"https:\/\/hora-instruments.com\/ro\/viola-abreviere-in-notarea-muzicii-traditionale\/\",\"name\":\"Viol\u0103 - Abreviere \u00een notarea muzicii tradi\u0163ionale - Instrumente Hora\",\"isPartOf\":{\"@id\":\"https:\/\/hora-instruments.com\/ro\/#website\"},\"primaryImageOfPage\":{\"@id\":\"https:\/\/hora-instruments.com\/ro\/viola-abreviere-in-notarea-muzicii-traditionale\/#primaryimage\"},\"image\":{\"@id\":\"https:\/\/hora-instruments.com\/ro\/viola-abreviere-in-notarea-muzicii-traditionale\/#primaryimage\"},\"thumbnailUrl\":\"https:\/\/hora-instruments.com\/ro\/wp-content\/uploads\/2024\/08\/Abbreviations-viola-1.jpg\",\"datePublished\":\"2024-08-22T09:56:26+00:00\",\"dateModified\":\"2024-09-17T10:07:55+00:00\",\"breadcrumb\":{\"@id\":\"https:\/\/hora-instruments.com\/ro\/viola-abreviere-in-notarea-muzicii-traditionale\/#breadcrumb\"},\"inLanguage\":\"ro-RO\",\"potentialAction\":[{\"@type\":\"ReadAction\",\"target\":[\"https:\/\/hora-instruments.com\/ro\/viola-abreviere-in-notarea-muzicii-traditionale\/\"]}]},{\"@type\":\"ImageObject\",\"inLanguage\":\"ro-RO\",\"@id\":\"https:\/\/hora-instruments.com\/ro\/viola-abreviere-in-notarea-muzicii-traditionale\/#primaryimage\",\"url\":\"https:\/\/hora-instruments.com\/ro\/wp-content\/uploads\/2024\/08\/Abbreviations-viola-1.jpg\",\"contentUrl\":\"https:\/\/hora-instruments.com\/ro\/wp-content\/uploads\/2024\/08\/Abbreviations-viola-1.jpg\",\"width\":230,\"height\":94},{\"@type\":\"BreadcrumbList\",\"@id\":\"https:\/\/hora-instruments.com\/ro\/viola-abreviere-in-notarea-muzicii-traditionale\/#breadcrumb\",\"itemListElement\":[{\"@type\":\"ListItem\",\"position\":1,\"name\":\"Prima pagin\u0103\",\"item\":\"https:\/\/hora-instruments.com\/ro\/\"},{\"@type\":\"ListItem\",\"position\":2,\"name\":\"Viol\u0103 &#8211; Abreviere \u00een notarea muzicii tradi\u0163ionale\"}]},{\"@type\":\"WebSite\",\"@id\":\"https:\/\/hora-instruments.com\/ro\/#website\",\"url\":\"https:\/\/hora-instruments.com\/ro\/\",\"name\":\"Instrumente Hora\",\"description\":\"\",\"publisher\":{\"@id\":\"https:\/\/hora-instruments.com\/ro\/#organization\"},\"potentialAction\":[{\"@type\":\"SearchAction\",\"target\":{\"@type\":\"EntryPoint\",\"urlTemplate\":\"https:\/\/hora-instruments.com\/ro\/?s={search_term_string}\"},\"query-input\":{\"@type\":\"PropertyValueSpecification\",\"valueRequired\":true,\"valueName\":\"search_term_string\"}}],\"inLanguage\":\"ro-RO\"},{\"@type\":\"Organization\",\"@id\":\"https:\/\/hora-instruments.com\/ro\/#organization\",\"name\":\"Instrumente Hora\",\"url\":\"https:\/\/hora-instruments.com\/ro\/\",\"logo\":{\"@type\":\"ImageObject\",\"inLanguage\":\"ro-RO\",\"@id\":\"https:\/\/hora-instruments.com\/ro\/#\/schema\/logo\/image\/\",\"url\":\"https:\/\/hora-instruments.com\/ro\/wp-content\/uploads\/2024\/10\/hora-instruments.png\",\"contentUrl\":\"https:\/\/hora-instruments.com\/ro\/wp-content\/uploads\/2024\/10\/hora-instruments.png\",\"width\":154,\"height\":154,\"caption\":\"Instrumente Hora\"},\"image\":{\"@id\":\"https:\/\/hora-instruments.com\/ro\/#\/schema\/logo\/image\/\"},\"sameAs\":[\"https:\/\/www.facebook.com\/hora.instruments\",\"https:\/\/www.instagram.com\/hora.factory\/\"]}]}<\/script>\n<!-- \/ Yoast SEO plugin. -->","yoast_head_json":{"title":"Viol\u0103 - Abreviere \u00een notarea muzicii tradi\u0163ionale - Instrumente Hora","robots":{"index":"index","follow":"follow","max-snippet":"max-snippet:-1","max-image-preview":"max-image-preview:large","max-video-preview":"max-video-preview:-1"},"canonical":"https:\/\/hora-instruments.com\/ro\/viola-abreviere-in-notarea-muzicii-traditionale\/","og_locale":"ro_RO","og_type":"article","og_title":"Viol\u0103 - Abreviere \u00een notarea muzicii tradi\u0163ionale - Instrumente Hora","og_url":"https:\/\/hora-instruments.com\/ro\/viola-abreviere-in-notarea-muzicii-traditionale\/","og_site_name":"Instrumente Hora","article_publisher":"https:\/\/www.facebook.com\/hora.instruments","article_modified_time":"2024-09-17T10:07:55+00:00","og_image":[{"width":230,"height":94,"url":"https:\/\/hora-instruments.com\/ro\/wp-content\/uploads\/2024\/08\/Abbreviations-viola-1.jpg","type":"image\/jpeg"}],"twitter_card":"summary_large_image","schema":{"@context":"https:\/\/schema.org","@graph":[{"@type":"WebPage","@id":"https:\/\/hora-instruments.com\/ro\/viola-abreviere-in-notarea-muzicii-traditionale\/","url":"https:\/\/hora-instruments.com\/ro\/viola-abreviere-in-notarea-muzicii-traditionale\/","name":"Viol\u0103 - Abreviere \u00een notarea muzicii tradi\u0163ionale - Instrumente Hora","isPartOf":{"@id":"https:\/\/hora-instruments.com\/ro\/#website"},"primaryImageOfPage":{"@id":"https:\/\/hora-instruments.com\/ro\/viola-abreviere-in-notarea-muzicii-traditionale\/#primaryimage"},"image":{"@id":"https:\/\/hora-instruments.com\/ro\/viola-abreviere-in-notarea-muzicii-traditionale\/#primaryimage"},"thumbnailUrl":"https:\/\/hora-instruments.com\/ro\/wp-content\/uploads\/2024\/08\/Abbreviations-viola-1.jpg","datePublished":"2024-08-22T09:56:26+00:00","dateModified":"2024-09-17T10:07:55+00:00","breadcrumb":{"@id":"https:\/\/hora-instruments.com\/ro\/viola-abreviere-in-notarea-muzicii-traditionale\/#breadcrumb"},"inLanguage":"ro-RO","potentialAction":[{"@type":"ReadAction","target":["https:\/\/hora-instruments.com\/ro\/viola-abreviere-in-notarea-muzicii-traditionale\/"]}]},{"@type":"ImageObject","inLanguage":"ro-RO","@id":"https:\/\/hora-instruments.com\/ro\/viola-abreviere-in-notarea-muzicii-traditionale\/#primaryimage","url":"https:\/\/hora-instruments.com\/ro\/wp-content\/uploads\/2024\/08\/Abbreviations-viola-1.jpg","contentUrl":"https:\/\/hora-instruments.com\/ro\/wp-content\/uploads\/2024\/08\/Abbreviations-viola-1.jpg","width":230,"height":94},{"@type":"BreadcrumbList","@id":"https:\/\/hora-instruments.com\/ro\/viola-abreviere-in-notarea-muzicii-traditionale\/#breadcrumb","itemListElement":[{"@type":"ListItem","position":1,"name":"Prima pagin\u0103","item":"https:\/\/hora-instruments.com\/ro\/"},{"@type":"ListItem","position":2,"name":"Viol\u0103 &#8211; Abreviere \u00een notarea muzicii tradi\u0163ionale"}]},{"@type":"WebSite","@id":"https:\/\/hora-instruments.com\/ro\/#website","url":"https:\/\/hora-instruments.com\/ro\/","name":"Instrumente Hora","description":"","publisher":{"@id":"https:\/\/hora-instruments.com\/ro\/#organization"},"potentialAction":[{"@type":"SearchAction","target":{"@type":"EntryPoint","urlTemplate":"https:\/\/hora-instruments.com\/ro\/?s={search_term_string}"},"query-input":{"@type":"PropertyValueSpecification","valueRequired":true,"valueName":"search_term_string"}}],"inLanguage":"ro-RO"},{"@type":"Organization","@id":"https:\/\/hora-instruments.com\/ro\/#organization","name":"Instrumente Hora","url":"https:\/\/hora-instruments.com\/ro\/","logo":{"@type":"ImageObject","inLanguage":"ro-RO","@id":"https:\/\/hora-instruments.com\/ro\/#\/schema\/logo\/image\/","url":"https:\/\/hora-instruments.com\/ro\/wp-content\/uploads\/2024\/10\/hora-instruments.png","contentUrl":"https:\/\/hora-instruments.com\/ro\/wp-content\/uploads\/2024\/10\/hora-instruments.png","width":154,"height":154,"caption":"Instrumente Hora"},"image":{"@id":"https:\/\/hora-instruments.com\/ro\/#\/schema\/logo\/image\/"},"sameAs":["https:\/\/www.facebook.com\/hora.instruments","https:\/\/www.instagram.com\/hora.factory\/"]}]}},"_links":{"self":[{"href":"https:\/\/hora-instruments.com\/ro\/wp-json\/wp\/v2\/pages\/2271","targetHints":{"allow":["GET"]}}],"collection":[{"href":"https:\/\/hora-instruments.com\/ro\/wp-json\/wp\/v2\/pages"}],"about":[{"href":"https:\/\/hora-instruments.com\/ro\/wp-json\/wp\/v2\/types\/page"}],"author":[{"embeddable":true,"href":"https:\/\/hora-instruments.com\/ro\/wp-json\/wp\/v2\/users\/1"}],"replies":[{"embeddable":true,"href":"https:\/\/hora-instruments.com\/ro\/wp-json\/wp\/v2\/comments?post=2271"}],"version-history":[{"count":8,"href":"https:\/\/hora-instruments.com\/ro\/wp-json\/wp\/v2\/pages\/2271\/revisions"}],"predecessor-version":[{"id":2791,"href":"https:\/\/hora-instruments.com\/ro\/wp-json\/wp\/v2\/pages\/2271\/revisions\/2791"}],"wp:attachment":[{"href":"https:\/\/hora-instruments.com\/ro\/wp-json\/wp\/v2\/media?parent=2271"}],"curies":[{"name":"wp","href":"https:\/\/api.w.org\/{rel}","templated":true}]}}