{"id":2282,"date":"2024-08-22T09:57:42","date_gmt":"2024-08-22T09:57:42","guid":{"rendered":"https:\/\/lvfoto.ro\/hora\/?page_id=2282"},"modified":"2024-09-17T10:11:32","modified_gmt":"2024-09-17T10:11:32","slug":"viola-varsta-si-marime","status":"publish","type":"page","link":"https:\/\/hora-instruments.com\/ro\/viola-varsta-si-marime\/","title":{"rendered":"Viol\u0103 &#8211; V\u00e2rst\u0103 \u0219i m\u0103rime"},"content":{"rendered":"\t\t<div data-elementor-type=\"wp-page\" data-elementor-id=\"2282\" class=\"elementor elementor-2282\">\n\t\t\t\t<div class=\"elementor-element elementor-element-7cfc7f5 e-flex e-con-boxed e-con e-parent\" data-id=\"7cfc7f5\" data-element_type=\"container\">\n\t\t\t\t\t<div class=\"e-con-inner\">\n\t\t<div class=\"elementor-element elementor-element-f49880c e-con-full e-flex e-con e-child\" data-id=\"f49880c\" data-element_type=\"container\">\n\t\t\t\t<div class=\"elementor-element elementor-element-f45a021 elementor-widget elementor-widget-image\" data-id=\"f45a021\" data-element_type=\"widget\" data-widget_type=\"image.default\">\n\t\t\t\t<div class=\"elementor-widget-container\">\n\t\t\t\t\t\t\t\t\t\t\t\t\t\t\t\t<a href=\"https:\/\/lvfoto.ro\/hora\/wp-content\/uploads\/2024\/09\/SizeRoo.jpg\" data-elementor-open-lightbox=\"yes\" data-elementor-lightbox-title=\"SizeRoo\" data-e-action-hash=\"#elementor-action%3Aaction%3Dlightbox%26settings%3DeyJpZCI6Mjc5MiwidXJsIjoiaHR0cHM6XC9cL2hvcmEtaW5zdHJ1bWVudHMuY29tXC9yb1wvd3AtY29udGVudFwvdXBsb2Fkc1wvMjAyNFwvMDlcL1NpemVSb28uanBnIn0%3D\">\n\t\t\t\t\t\t\t<img decoding=\"async\" src=\"https:\/\/hora-instruments.com\/ro\/wp-content\/uploads\/2024\/09\/SizeRoo.jpg\" title=\"SizeRoo\" alt=\"SizeRoo\" loading=\"lazy\" \/>\t\t\t\t\t\t\t\t<\/a>\n\t\t\t\t\t\t\t\t\t\t\t\t\t\t\t<\/div>\n\t\t\t\t<\/div>\n\t\t\t\t<\/div>\n\t\t<div class=\"elementor-element elementor-element-a8cd00d e-con-full e-flex e-con e-child\" data-id=\"a8cd00d\" data-element_type=\"container\">\n\t\t\t\t<div class=\"elementor-element elementor-element-17960bf elementor-widget elementor-widget-image\" data-id=\"17960bf\" data-element_type=\"widget\" data-widget_type=\"image.default\">\n\t\t\t\t<div class=\"elementor-widget-container\">\n\t\t\t\t\t\t\t\t\t\t\t\t\t\t\t\t<a href=\"https:\/\/lvfoto.ro\/hora\/wp-content\/uploads\/2024\/09\/ArmR-1024x727-1.png\" data-elementor-open-lightbox=\"yes\" data-elementor-lightbox-title=\"ArmR-1024x727\" data-e-action-hash=\"#elementor-action%3Aaction%3Dlightbox%26settings%3DeyJpZCI6Mjc3NywidXJsIjoiaHR0cHM6XC9cL2hvcmEtaW5zdHJ1bWVudHMuY29tXC9yb1wvd3AtY29udGVudFwvdXBsb2Fkc1wvMjAyNFwvMDlcL0FybVItMTAyNHg3MjctMS5wbmcifQ%3D%3D\">\n\t\t\t\t\t\t\t<img fetchpriority=\"high\" decoding=\"async\" width=\"700\" height=\"497\" src=\"https:\/\/hora-instruments.com\/ro\/wp-content\/uploads\/2024\/09\/ArmR-1024x727-1-700x497.png\" class=\"attachment-large size-large wp-image-2777\" alt=\"\" srcset=\"https:\/\/hora-instruments.com\/ro\/wp-content\/uploads\/2024\/09\/ArmR-1024x727-1-700x497.png 700w, https:\/\/hora-instruments.com\/ro\/wp-content\/uploads\/2024\/09\/ArmR-1024x727-1-250x177.png 250w, https:\/\/hora-instruments.com\/ro\/wp-content\/uploads\/2024\/09\/ArmR-1024x727-1-768x545.png 768w, https:\/\/hora-instruments.com\/ro\/wp-content\/uploads\/2024\/09\/ArmR-1024x727-1-120x85.png 120w, https:\/\/hora-instruments.com\/ro\/wp-content\/uploads\/2024\/09\/ArmR-1024x727-1.png 1024w\" sizes=\"(max-width: 700px) 100vw, 700px\" \/>\t\t\t\t\t\t\t\t<\/a>\n\t\t\t\t\t\t\t\t\t\t\t\t\t\t\t<\/div>\n\t\t\t\t<\/div>\n\t\t\t\t<\/div>\n\t\t\t\t\t<\/div>\n\t\t\t\t<\/div>\n\t\t<div class=\"elementor-element elementor-element-65b9a75 e-flex e-con-boxed e-con e-parent\" data-id=\"65b9a75\" data-element_type=\"container\">\n\t\t\t\t\t<div class=\"e-con-inner\">\n\t\t\t\t<div class=\"elementor-element elementor-element-1633be6 elementor-widget elementor-widget-text-editor\" data-id=\"1633be6\" data-element_type=\"widget\" data-widget_type=\"text-editor.default\">\n\t\t\t\t<div class=\"elementor-widget-container\">\n\t\t\t\t\t\t\t\t\t<table id=\"eael-data-table-30f0b10\" class=\"tablesorter eael-data-table center\"><thead><tr class=\"table-header\"><th id=\"\" class=\"\" colspan=\"\"><span class=\"data-table-header-text\">M\u0103rime<\/span><\/th><th id=\"\" class=\"\" colspan=\"\"><span class=\"data-table-header-text\">Menzura (mm)<\/span><\/th><th id=\"\" class=\"\" colspan=\"\"><span class=\"data-table-header-text\">V\u00e2rts\u0103 (ani)<\/span><\/th><\/tr><\/thead><tbody><tr><td id=\"\" class=\"\" colspan=\"\" rowspan=\"\"><div class=\"td-content-wrapper\"><div class=\"td-content\">16.5&#8221;; 16&#8221;<\/div><\/div><\/td><td id=\"\" class=\"\" colspan=\"\" rowspan=\"\"><div class=\"td-content-wrapper\"><div class=\"td-content\">378; 373<\/div><\/div><\/td><td id=\"\" class=\"\" colspan=\"\" rowspan=\"\"><div class=\"td-content-wrapper\"><div class=\"td-content\">Adult \u00eenalt<\/div><\/div><\/td><\/tr><tr><td id=\"\" class=\"\" colspan=\"\" rowspan=\"\"><div class=\"td-content-wrapper\"><div class=\"td-content\">15.5&#8221;; 15&#8221;<\/div><\/div><\/td><td id=\"\" class=\"\" colspan=\"\" rowspan=\"\"><div class=\"td-content-wrapper\"><div class=\"td-content\">360; 350<\/div><\/div><\/td><td id=\"\" class=\"\" colspan=\"\" rowspan=\"\"><div class=\"td-content-wrapper\"><div class=\"td-content\">Adult \/ 14 -16<\/div><\/div><\/td><\/tr><tr><td id=\"\" class=\"\" colspan=\"\" rowspan=\"\"><div class=\"td-content-wrapper\"><div class=\"td-content\">14&#8221;; 13&#8243;<\/div><\/div><\/td><td id=\"\" class=\"\" colspan=\"\" rowspan=\"\"><div class=\"td-content-wrapper\"><div class=\"td-content\">325; 304<\/div><\/div><\/td><td id=\"\" class=\"\" colspan=\"\" rowspan=\"\"><div class=\"td-content-wrapper\"><div class=\"td-content\">12 &#8211; 14 \/ 10 -12<\/div><\/div><\/td><\/tr><tr><td id=\"\" class=\"\" colspan=\"\" rowspan=\"\"><div class=\"td-content-wrapper\"><div class=\"td-content\">12&#8221;; 11&#8221;<\/div><\/div><\/td><td id=\"\" class=\"\" colspan=\"\" rowspan=\"\"><div class=\"td-content-wrapper\"><div class=\"td-content\">286; 254<\/div><\/div><\/td><td id=\"\" class=\"\" colspan=\"\" rowspan=\"\"><div class=\"td-content-wrapper\"><div class=\"td-content\">9 &#8211; 10 \/ 7 &#8211; 9<\/div><\/div><\/td><\/tr><\/tbody><\/table>\t\t\t\t\t\t\t\t<\/div>\n\t\t\t\t<\/div>\n\t\t\t\t\t<\/div>\n\t\t\t\t<\/div>\n\t\t\t\t<\/div>\n\t\t","protected":false},"excerpt":{"rendered":"M\u0103rime Menzura (mm) V\u00e2rts\u0103 (ani) 16.5&#8221;; 16&#8221; 378; 373 Adult \u00eenalt 15.5&#8221;; 15&#8221; 360; 350 Adult \/ 14 -16 14&#8221;; 13&#8243; 325; 304 12 &#8211; 14 \/ 10 -12 12&#8221;; 11&#8221; 286; 254 9 &#8211; 10 \/ 7 &#8211; 9","protected":false},"author":1,"featured_media":0,"parent":0,"menu_order":15,"comment_status":"closed","ping_status":"closed","template":"","meta":{"_acf_changed":false,"footnotes":""},"class_list":["post-2282","page","type-page","status-publish","hentry"],"acf":[],"yoast_head":"<!-- This site is optimized with the Yoast SEO plugin v26.4 - https:\/\/yoast.com\/wordpress\/plugins\/seo\/ -->\n<title>Viol\u0103 - V\u00e2rst\u0103 \u0219i m\u0103rime - Instrumente Hora<\/title>\n<meta name=\"robots\" content=\"index, follow, max-snippet:-1, max-image-preview:large, max-video-preview:-1\" \/>\n<link rel=\"canonical\" href=\"https:\/\/hora-instruments.com\/ro\/viola-varsta-si-marime\/\" \/>\n<meta property=\"og:locale\" content=\"ro_RO\" \/>\n<meta property=\"og:type\" content=\"article\" \/>\n<meta property=\"og:title\" content=\"Viol\u0103 - V\u00e2rst\u0103 \u0219i m\u0103rime - Instrumente Hora\" \/>\n<meta property=\"og:description\" content=\"M\u0103rime Menzura (mm) V\u00e2rts\u0103 (ani) 16.5&#8221;; 16&#8221; 378; 373 Adult \u00eenalt 15.5&#8221;; 15&#8221; 360; 350 Adult \/ 14 -16 14&#8221;; 13&#8243; 325; 304 12 &#8211; 14 \/ 10 -12 12&#8221;; 11&#8221; 286; 254 9 &#8211; 10 \/ 7 &#8211; 9\" \/>\n<meta property=\"og:url\" content=\"https:\/\/hora-instruments.com\/ro\/viola-varsta-si-marime\/\" \/>\n<meta property=\"og:site_name\" content=\"Instrumente Hora\" \/>\n<meta property=\"article:publisher\" content=\"https:\/\/www.facebook.com\/hora.instruments\" \/>\n<meta property=\"article:modified_time\" content=\"2024-09-17T10:11:32+00:00\" \/>\n<meta property=\"og:image\" content=\"https:\/\/hora-instruments.com\/ro\/wp-content\/uploads\/2024\/09\/SizeRoo.jpg\" \/>\n<meta name=\"twitter:card\" content=\"summary_large_image\" \/>\n<script type=\"application\/ld+json\" class=\"yoast-schema-graph\">{\"@context\":\"https:\/\/schema.org\",\"@graph\":[{\"@type\":\"WebPage\",\"@id\":\"https:\/\/hora-instruments.com\/ro\/viola-varsta-si-marime\/\",\"url\":\"https:\/\/hora-instruments.com\/ro\/viola-varsta-si-marime\/\",\"name\":\"Viol\u0103 - V\u00e2rst\u0103 \u0219i m\u0103rime - Instrumente Hora\",\"isPartOf\":{\"@id\":\"https:\/\/hora-instruments.com\/ro\/#website\"},\"primaryImageOfPage\":{\"@id\":\"https:\/\/hora-instruments.com\/ro\/viola-varsta-si-marime\/#primaryimage\"},\"image\":{\"@id\":\"https:\/\/hora-instruments.com\/ro\/viola-varsta-si-marime\/#primaryimage\"},\"thumbnailUrl\":\"https:\/\/hora-instruments.com\/ro\/wp-content\/uploads\/2024\/09\/SizeRoo.jpg\",\"datePublished\":\"2024-08-22T09:57:42+00:00\",\"dateModified\":\"2024-09-17T10:11:32+00:00\",\"breadcrumb\":{\"@id\":\"https:\/\/hora-instruments.com\/ro\/viola-varsta-si-marime\/#breadcrumb\"},\"inLanguage\":\"ro-RO\",\"potentialAction\":[{\"@type\":\"ReadAction\",\"target\":[\"https:\/\/hora-instruments.com\/ro\/viola-varsta-si-marime\/\"]}]},{\"@type\":\"ImageObject\",\"inLanguage\":\"ro-RO\",\"@id\":\"https:\/\/hora-instruments.com\/ro\/viola-varsta-si-marime\/#primaryimage\",\"url\":\"https:\/\/hora-instruments.com\/ro\/wp-content\/uploads\/2024\/09\/SizeRoo.jpg\",\"contentUrl\":\"https:\/\/hora-instruments.com\/ro\/wp-content\/uploads\/2024\/09\/SizeRoo.jpg\",\"width\":390,\"height\":273},{\"@type\":\"BreadcrumbList\",\"@id\":\"https:\/\/hora-instruments.com\/ro\/viola-varsta-si-marime\/#breadcrumb\",\"itemListElement\":[{\"@type\":\"ListItem\",\"position\":1,\"name\":\"Prima pagin\u0103\",\"item\":\"https:\/\/hora-instruments.com\/ro\/\"},{\"@type\":\"ListItem\",\"position\":2,\"name\":\"Viol\u0103 &#8211; V\u00e2rst\u0103 \u0219i m\u0103rime\"}]},{\"@type\":\"WebSite\",\"@id\":\"https:\/\/hora-instruments.com\/ro\/#website\",\"url\":\"https:\/\/hora-instruments.com\/ro\/\",\"name\":\"Instrumente Hora\",\"description\":\"\",\"publisher\":{\"@id\":\"https:\/\/hora-instruments.com\/ro\/#organization\"},\"potentialAction\":[{\"@type\":\"SearchAction\",\"target\":{\"@type\":\"EntryPoint\",\"urlTemplate\":\"https:\/\/hora-instruments.com\/ro\/?s={search_term_string}\"},\"query-input\":{\"@type\":\"PropertyValueSpecification\",\"valueRequired\":true,\"valueName\":\"search_term_string\"}}],\"inLanguage\":\"ro-RO\"},{\"@type\":\"Organization\",\"@id\":\"https:\/\/hora-instruments.com\/ro\/#organization\",\"name\":\"Instrumente Hora\",\"url\":\"https:\/\/hora-instruments.com\/ro\/\",\"logo\":{\"@type\":\"ImageObject\",\"inLanguage\":\"ro-RO\",\"@id\":\"https:\/\/hora-instruments.com\/ro\/#\/schema\/logo\/image\/\",\"url\":\"https:\/\/hora-instruments.com\/ro\/wp-content\/uploads\/2024\/10\/hora-instruments.png\",\"contentUrl\":\"https:\/\/hora-instruments.com\/ro\/wp-content\/uploads\/2024\/10\/hora-instruments.png\",\"width\":154,\"height\":154,\"caption\":\"Instrumente Hora\"},\"image\":{\"@id\":\"https:\/\/hora-instruments.com\/ro\/#\/schema\/logo\/image\/\"},\"sameAs\":[\"https:\/\/www.facebook.com\/hora.instruments\",\"https:\/\/www.instagram.com\/hora.factory\/\"]}]}<\/script>\n<!-- \/ Yoast SEO plugin. -->","yoast_head_json":{"title":"Viol\u0103 - V\u00e2rst\u0103 \u0219i m\u0103rime - Instrumente Hora","robots":{"index":"index","follow":"follow","max-snippet":"max-snippet:-1","max-image-preview":"max-image-preview:large","max-video-preview":"max-video-preview:-1"},"canonical":"https:\/\/hora-instruments.com\/ro\/viola-varsta-si-marime\/","og_locale":"ro_RO","og_type":"article","og_title":"Viol\u0103 - V\u00e2rst\u0103 \u0219i m\u0103rime - Instrumente Hora","og_description":"M\u0103rime Menzura (mm) V\u00e2rts\u0103 (ani) 16.5&#8221;; 16&#8221; 378; 373 Adult \u00eenalt 15.5&#8221;; 15&#8221; 360; 350 Adult \/ 14 -16 14&#8221;; 13&#8243; 325; 304 12 &#8211; 14 \/ 10 -12 12&#8221;; 11&#8221; 286; 254 9 &#8211; 10 \/ 7 &#8211; 9","og_url":"https:\/\/hora-instruments.com\/ro\/viola-varsta-si-marime\/","og_site_name":"Instrumente Hora","article_publisher":"https:\/\/www.facebook.com\/hora.instruments","article_modified_time":"2024-09-17T10:11:32+00:00","og_image":[{"url":"https:\/\/hora-instruments.com\/ro\/wp-content\/uploads\/2024\/09\/SizeRoo.jpg","type":"","width":"","height":""}],"twitter_card":"summary_large_image","schema":{"@context":"https:\/\/schema.org","@graph":[{"@type":"WebPage","@id":"https:\/\/hora-instruments.com\/ro\/viola-varsta-si-marime\/","url":"https:\/\/hora-instruments.com\/ro\/viola-varsta-si-marime\/","name":"Viol\u0103 - V\u00e2rst\u0103 \u0219i m\u0103rime - Instrumente Hora","isPartOf":{"@id":"https:\/\/hora-instruments.com\/ro\/#website"},"primaryImageOfPage":{"@id":"https:\/\/hora-instruments.com\/ro\/viola-varsta-si-marime\/#primaryimage"},"image":{"@id":"https:\/\/hora-instruments.com\/ro\/viola-varsta-si-marime\/#primaryimage"},"thumbnailUrl":"https:\/\/hora-instruments.com\/ro\/wp-content\/uploads\/2024\/09\/SizeRoo.jpg","datePublished":"2024-08-22T09:57:42+00:00","dateModified":"2024-09-17T10:11:32+00:00","breadcrumb":{"@id":"https:\/\/hora-instruments.com\/ro\/viola-varsta-si-marime\/#breadcrumb"},"inLanguage":"ro-RO","potentialAction":[{"@type":"ReadAction","target":["https:\/\/hora-instruments.com\/ro\/viola-varsta-si-marime\/"]}]},{"@type":"ImageObject","inLanguage":"ro-RO","@id":"https:\/\/hora-instruments.com\/ro\/viola-varsta-si-marime\/#primaryimage","url":"https:\/\/hora-instruments.com\/ro\/wp-content\/uploads\/2024\/09\/SizeRoo.jpg","contentUrl":"https:\/\/hora-instruments.com\/ro\/wp-content\/uploads\/2024\/09\/SizeRoo.jpg","width":390,"height":273},{"@type":"BreadcrumbList","@id":"https:\/\/hora-instruments.com\/ro\/viola-varsta-si-marime\/#breadcrumb","itemListElement":[{"@type":"ListItem","position":1,"name":"Prima pagin\u0103","item":"https:\/\/hora-instruments.com\/ro\/"},{"@type":"ListItem","position":2,"name":"Viol\u0103 &#8211; V\u00e2rst\u0103 \u0219i m\u0103rime"}]},{"@type":"WebSite","@id":"https:\/\/hora-instruments.com\/ro\/#website","url":"https:\/\/hora-instruments.com\/ro\/","name":"Instrumente Hora","description":"","publisher":{"@id":"https:\/\/hora-instruments.com\/ro\/#organization"},"potentialAction":[{"@type":"SearchAction","target":{"@type":"EntryPoint","urlTemplate":"https:\/\/hora-instruments.com\/ro\/?s={search_term_string}"},"query-input":{"@type":"PropertyValueSpecification","valueRequired":true,"valueName":"search_term_string"}}],"inLanguage":"ro-RO"},{"@type":"Organization","@id":"https:\/\/hora-instruments.com\/ro\/#organization","name":"Instrumente Hora","url":"https:\/\/hora-instruments.com\/ro\/","logo":{"@type":"ImageObject","inLanguage":"ro-RO","@id":"https:\/\/hora-instruments.com\/ro\/#\/schema\/logo\/image\/","url":"https:\/\/hora-instruments.com\/ro\/wp-content\/uploads\/2024\/10\/hora-instruments.png","contentUrl":"https:\/\/hora-instruments.com\/ro\/wp-content\/uploads\/2024\/10\/hora-instruments.png","width":154,"height":154,"caption":"Instrumente Hora"},"image":{"@id":"https:\/\/hora-instruments.com\/ro\/#\/schema\/logo\/image\/"},"sameAs":["https:\/\/www.facebook.com\/hora.instruments","https:\/\/www.instagram.com\/hora.factory\/"]}]}},"_links":{"self":[{"href":"https:\/\/hora-instruments.com\/ro\/wp-json\/wp\/v2\/pages\/2282","targetHints":{"allow":["GET"]}}],"collection":[{"href":"https:\/\/hora-instruments.com\/ro\/wp-json\/wp\/v2\/pages"}],"about":[{"href":"https:\/\/hora-instruments.com\/ro\/wp-json\/wp\/v2\/types\/page"}],"author":[{"embeddable":true,"href":"https:\/\/hora-instruments.com\/ro\/wp-json\/wp\/v2\/users\/1"}],"replies":[{"embeddable":true,"href":"https:\/\/hora-instruments.com\/ro\/wp-json\/wp\/v2\/comments?post=2282"}],"version-history":[{"count":14,"href":"https:\/\/hora-instruments.com\/ro\/wp-json\/wp\/v2\/pages\/2282\/revisions"}],"predecessor-version":[{"id":2797,"href":"https:\/\/hora-instruments.com\/ro\/wp-json\/wp\/v2\/pages\/2282\/revisions\/2797"}],"wp:attachment":[{"href":"https:\/\/hora-instruments.com\/ro\/wp-json\/wp\/v2\/media?parent=2282"}],"curies":[{"name":"wp","href":"https:\/\/api.w.org\/{rel}","templated":true}]}}