{"id":2904,"date":"2024-12-19T10:25:34","date_gmt":"2024-12-19T10:25:34","guid":{"rendered":"https:\/\/hora-instruments.com\/ro\/?page_id=2904"},"modified":"2024-12-19T12:03:38","modified_gmt":"2024-12-19T12:03:38","slug":"servicii","status":"publish","type":"page","link":"https:\/\/hora-instruments.com\/ro\/servicii\/","title":{"rendered":"Servicii"},"content":{"rendered":"<p>&nbsp;<\/p>\n<table style=\"border-collapse: collapse; width: 100%;\">\n<tbody>\n<tr>\n<td style=\"width: 50%;\">\n<h5>Oferim servicii de ascu\u021bire:<\/h5>\n<p>-burghie<\/p>\n<p>-freze<\/p>\n<p>-cu\u021bite de rindeluit<\/p>\n<p>-p\u00e2nz\u0103 panglic\u0103<\/p>\n<p>-p\u00e2nz\u0103 circular<\/td>\n<td style=\"width: 50%;\">\n<h5>Contact:<\/h5>\n<p>Adrian Aldea<\/p>\n<p>Tel: <a href=\"http:\/\/0744550873\">0744550873<\/a><\/p>\n<p><a href=\"mailto:mentenanta@hora.ro\">mentenanta@hora.ro<\/a><\/td>\n<\/tr>\n<\/tbody>\n<\/table>\n","protected":false},"excerpt":{"rendered":"&nbsp; Oferim servicii de ascu\u021bire: -burghie -freze -cu\u021bite de rindeluit -p\u00e2nz\u0103 panglic\u0103 -p\u00e2nz\u0103 circular Contact: Adrian Aldea Tel: 0744550873 mentenanta@hora.ro","protected":false},"author":1,"featured_media":0,"parent":0,"menu_order":3,"comment_status":"closed","ping_status":"closed","template":"","meta":{"_acf_changed":false,"footnotes":""},"class_list":["post-2904","page","type-page","status-publish","hentry"],"acf":[],"yoast_head":"<!-- This site is optimized with the Yoast SEO plugin v26.4 - https:\/\/yoast.com\/wordpress\/plugins\/seo\/ -->\n<title>Servicii - Instrumente Hora<\/title>\n<meta name=\"robots\" content=\"index, follow, max-snippet:-1, max-image-preview:large, max-video-preview:-1\" \/>\n<link rel=\"canonical\" href=\"https:\/\/hora-instruments.com\/ro\/servicii\/\" \/>\n<meta property=\"og:locale\" content=\"ro_RO\" \/>\n<meta property=\"og:type\" content=\"article\" \/>\n<meta property=\"og:title\" content=\"Servicii - Instrumente Hora\" \/>\n<meta property=\"og:description\" content=\"&nbsp; Oferim servicii de ascu\u021bire: -burghie -freze -cu\u021bite de rindeluit -p\u00e2nz\u0103 panglic\u0103 -p\u00e2nz\u0103 circular Contact: Adrian Aldea Tel: 0744550873 mentenanta@hora.ro\" \/>\n<meta property=\"og:url\" content=\"https:\/\/hora-instruments.com\/ro\/servicii\/\" \/>\n<meta property=\"og:site_name\" content=\"Instrumente Hora\" \/>\n<meta property=\"article:publisher\" content=\"https:\/\/www.facebook.com\/hora.instruments\" \/>\n<meta property=\"article:modified_time\" content=\"2024-12-19T12:03:38+00:00\" \/>\n<meta name=\"twitter:card\" content=\"summary_large_image\" \/>\n<meta name=\"twitter:label1\" content=\"Timp estimat pentru citire\" \/>\n\t<meta name=\"twitter:data1\" content=\"1 minut\" \/>\n<script type=\"application\/ld+json\" class=\"yoast-schema-graph\">{\"@context\":\"https:\/\/schema.org\",\"@graph\":[{\"@type\":\"WebPage\",\"@id\":\"https:\/\/hora-instruments.com\/ro\/servicii\/\",\"url\":\"https:\/\/hora-instruments.com\/ro\/servicii\/\",\"name\":\"Servicii - Instrumente Hora\",\"isPartOf\":{\"@id\":\"https:\/\/hora-instruments.com\/ro\/#website\"},\"datePublished\":\"2024-12-19T10:25:34+00:00\",\"dateModified\":\"2024-12-19T12:03:38+00:00\",\"breadcrumb\":{\"@id\":\"https:\/\/hora-instruments.com\/ro\/servicii\/#breadcrumb\"},\"inLanguage\":\"ro-RO\",\"potentialAction\":[{\"@type\":\"ReadAction\",\"target\":[\"https:\/\/hora-instruments.com\/ro\/servicii\/\"]}]},{\"@type\":\"BreadcrumbList\",\"@id\":\"https:\/\/hora-instruments.com\/ro\/servicii\/#breadcrumb\",\"itemListElement\":[{\"@type\":\"ListItem\",\"position\":1,\"name\":\"Prima pagin\u0103\",\"item\":\"https:\/\/hora-instruments.com\/ro\/\"},{\"@type\":\"ListItem\",\"position\":2,\"name\":\"Servicii\"}]},{\"@type\":\"WebSite\",\"@id\":\"https:\/\/hora-instruments.com\/ro\/#website\",\"url\":\"https:\/\/hora-instruments.com\/ro\/\",\"name\":\"Instrumente Hora\",\"description\":\"\",\"publisher\":{\"@id\":\"https:\/\/hora-instruments.com\/ro\/#organization\"},\"potentialAction\":[{\"@type\":\"SearchAction\",\"target\":{\"@type\":\"EntryPoint\",\"urlTemplate\":\"https:\/\/hora-instruments.com\/ro\/?s={search_term_string}\"},\"query-input\":{\"@type\":\"PropertyValueSpecification\",\"valueRequired\":true,\"valueName\":\"search_term_string\"}}],\"inLanguage\":\"ro-RO\"},{\"@type\":\"Organization\",\"@id\":\"https:\/\/hora-instruments.com\/ro\/#organization\",\"name\":\"Instrumente Hora\",\"url\":\"https:\/\/hora-instruments.com\/ro\/\",\"logo\":{\"@type\":\"ImageObject\",\"inLanguage\":\"ro-RO\",\"@id\":\"https:\/\/hora-instruments.com\/ro\/#\/schema\/logo\/image\/\",\"url\":\"https:\/\/hora-instruments.com\/ro\/wp-content\/uploads\/2024\/10\/hora-instruments.png\",\"contentUrl\":\"https:\/\/hora-instruments.com\/ro\/wp-content\/uploads\/2024\/10\/hora-instruments.png\",\"width\":154,\"height\":154,\"caption\":\"Instrumente Hora\"},\"image\":{\"@id\":\"https:\/\/hora-instruments.com\/ro\/#\/schema\/logo\/image\/\"},\"sameAs\":[\"https:\/\/www.facebook.com\/hora.instruments\",\"https:\/\/www.instagram.com\/hora.factory\/\"]}]}<\/script>\n<!-- \/ Yoast SEO plugin. -->","yoast_head_json":{"title":"Servicii - Instrumente Hora","robots":{"index":"index","follow":"follow","max-snippet":"max-snippet:-1","max-image-preview":"max-image-preview:large","max-video-preview":"max-video-preview:-1"},"canonical":"https:\/\/hora-instruments.com\/ro\/servicii\/","og_locale":"ro_RO","og_type":"article","og_title":"Servicii - Instrumente Hora","og_description":"&nbsp; Oferim servicii de ascu\u021bire: -burghie -freze -cu\u021bite de rindeluit -p\u00e2nz\u0103 panglic\u0103 -p\u00e2nz\u0103 circular Contact: Adrian Aldea Tel: 0744550873 mentenanta@hora.ro","og_url":"https:\/\/hora-instruments.com\/ro\/servicii\/","og_site_name":"Instrumente Hora","article_publisher":"https:\/\/www.facebook.com\/hora.instruments","article_modified_time":"2024-12-19T12:03:38+00:00","twitter_card":"summary_large_image","twitter_misc":{"Timp estimat pentru citire":"1 minut"},"schema":{"@context":"https:\/\/schema.org","@graph":[{"@type":"WebPage","@id":"https:\/\/hora-instruments.com\/ro\/servicii\/","url":"https:\/\/hora-instruments.com\/ro\/servicii\/","name":"Servicii - Instrumente Hora","isPartOf":{"@id":"https:\/\/hora-instruments.com\/ro\/#website"},"datePublished":"2024-12-19T10:25:34+00:00","dateModified":"2024-12-19T12:03:38+00:00","breadcrumb":{"@id":"https:\/\/hora-instruments.com\/ro\/servicii\/#breadcrumb"},"inLanguage":"ro-RO","potentialAction":[{"@type":"ReadAction","target":["https:\/\/hora-instruments.com\/ro\/servicii\/"]}]},{"@type":"BreadcrumbList","@id":"https:\/\/hora-instruments.com\/ro\/servicii\/#breadcrumb","itemListElement":[{"@type":"ListItem","position":1,"name":"Prima pagin\u0103","item":"https:\/\/hora-instruments.com\/ro\/"},{"@type":"ListItem","position":2,"name":"Servicii"}]},{"@type":"WebSite","@id":"https:\/\/hora-instruments.com\/ro\/#website","url":"https:\/\/hora-instruments.com\/ro\/","name":"Instrumente Hora","description":"","publisher":{"@id":"https:\/\/hora-instruments.com\/ro\/#organization"},"potentialAction":[{"@type":"SearchAction","target":{"@type":"EntryPoint","urlTemplate":"https:\/\/hora-instruments.com\/ro\/?s={search_term_string}"},"query-input":{"@type":"PropertyValueSpecification","valueRequired":true,"valueName":"search_term_string"}}],"inLanguage":"ro-RO"},{"@type":"Organization","@id":"https:\/\/hora-instruments.com\/ro\/#organization","name":"Instrumente Hora","url":"https:\/\/hora-instruments.com\/ro\/","logo":{"@type":"ImageObject","inLanguage":"ro-RO","@id":"https:\/\/hora-instruments.com\/ro\/#\/schema\/logo\/image\/","url":"https:\/\/hora-instruments.com\/ro\/wp-content\/uploads\/2024\/10\/hora-instruments.png","contentUrl":"https:\/\/hora-instruments.com\/ro\/wp-content\/uploads\/2024\/10\/hora-instruments.png","width":154,"height":154,"caption":"Instrumente Hora"},"image":{"@id":"https:\/\/hora-instruments.com\/ro\/#\/schema\/logo\/image\/"},"sameAs":["https:\/\/www.facebook.com\/hora.instruments","https:\/\/www.instagram.com\/hora.factory\/"]}]}},"_links":{"self":[{"href":"https:\/\/hora-instruments.com\/ro\/wp-json\/wp\/v2\/pages\/2904","targetHints":{"allow":["GET"]}}],"collection":[{"href":"https:\/\/hora-instruments.com\/ro\/wp-json\/wp\/v2\/pages"}],"about":[{"href":"https:\/\/hora-instruments.com\/ro\/wp-json\/wp\/v2\/types\/page"}],"author":[{"embeddable":true,"href":"https:\/\/hora-instruments.com\/ro\/wp-json\/wp\/v2\/users\/1"}],"replies":[{"embeddable":true,"href":"https:\/\/hora-instruments.com\/ro\/wp-json\/wp\/v2\/comments?post=2904"}],"version-history":[{"count":3,"href":"https:\/\/hora-instruments.com\/ro\/wp-json\/wp\/v2\/pages\/2904\/revisions"}],"predecessor-version":[{"id":2914,"href":"https:\/\/hora-instruments.com\/ro\/wp-json\/wp\/v2\/pages\/2904\/revisions\/2914"}],"wp:attachment":[{"href":"https:\/\/hora-instruments.com\/ro\/wp-json\/wp\/v2\/media?parent=2904"}],"curies":[{"name":"wp","href":"https:\/\/api.w.org\/{rel}","templated":true}]}}