{"id":2920,"date":"2024-12-23T12:05:40","date_gmt":"2024-12-23T12:05:40","guid":{"rendered":"https:\/\/hora-instruments.com\/ro\/?page_id=2920"},"modified":"2024-12-23T12:06:37","modified_gmt":"2024-12-23T12:06:37","slug":"anunt-important","status":"publish","type":"page","link":"https:\/\/hora-instruments.com\/ro\/anunt-important\/","title":{"rendered":"Anun\u021b important"},"content":{"rendered":"<p>\u00cen urma sesiz\u0103rilor primite de la clien\u021bi, am observat c\u0103 exist\u0103 pe pia\u021b\u0103, instrumente de provenien\u021b\u0103 str\u0103in\u0103, comercializate sub marca &#8222;Rapsodia Reghin&#8221;. Dorim s\u0103 anun\u021b\u0103m clien\u021bii no\u0219tri c\u0103 nu avem nicio legatur\u0103 cu aceste instrumente \u0219i s\u0103 nu se lase \u00een\u0219ela\u021bi de asemanarea numelor de marc\u0103.<u><\/u><u><\/u><\/p>\n<p>Produsele marca Hora se comercializeaza \u00een Bucure\u0219ti \u0219i online \u00een toat\u0103 \u021bara prin Magazinul Rapsodia &#8211; <a href=\"http:\/\/magazinulrapsodia.ro\/\" target=\"_blank\" rel=\"noopener\" data-saferedirecturl=\"https:\/\/www.google.com\/url?q=http:\/\/magazinulrapsodia.ro&amp;source=gmail&amp;ust=1735040914192000&amp;usg=AOvVaw2T3u9tXdqkBV4kSQUZCjzB\">magazinulrapsodia.ro<\/a><\/p>\n","protected":false},"excerpt":{"rendered":"\u00cen urma sesiz\u0103rilor primite de la clien\u021bi, am observat c\u0103 exist\u0103 pe pia\u021b\u0103, instrumente de provenien\u021b\u0103 str\u0103in\u0103, comercializate sub marca &#8222;Rapsodia Reghin&#8221;. Dorim s\u0103 anun\u021b\u0103m clien\u021bii no\u0219tri c\u0103 nu avem nicio legatur\u0103 cu aceste instrumente \u0219i s\u0103 nu se lase \u00een\u0219ela\u021bi de asemanarea numelor de marc\u0103. Produsele marca Hora se comercializeaza \u00een Bucure\u0219ti \u0219i online&#8230; <a class=\"view-article\" href=\"https:\/\/hora-instruments.com\/ro\/anunt-important\/\">Vezi Articol<\/a>","protected":false},"author":1,"featured_media":0,"parent":0,"menu_order":1,"comment_status":"closed","ping_status":"closed","template":"","meta":{"_acf_changed":false,"footnotes":""},"class_list":["post-2920","page","type-page","status-publish","hentry"],"acf":[],"yoast_head":"<!-- This site is optimized with the Yoast SEO plugin v26.4 - https:\/\/yoast.com\/wordpress\/plugins\/seo\/ -->\n<title>Anun\u021b important - Instrumente Hora<\/title>\n<meta name=\"robots\" content=\"index, follow, max-snippet:-1, max-image-preview:large, max-video-preview:-1\" \/>\n<link rel=\"canonical\" href=\"https:\/\/hora-instruments.com\/ro\/anunt-important\/\" \/>\n<meta property=\"og:locale\" content=\"ro_RO\" \/>\n<meta property=\"og:type\" content=\"article\" \/>\n<meta property=\"og:title\" content=\"Anun\u021b important - Instrumente Hora\" \/>\n<meta property=\"og:description\" content=\"\u00cen urma sesiz\u0103rilor primite de la clien\u021bi, am observat c\u0103 exist\u0103 pe pia\u021b\u0103, instrumente de provenien\u021b\u0103 str\u0103in\u0103, comercializate sub marca &#8222;Rapsodia Reghin&#8221;. Dorim s\u0103 anun\u021b\u0103m clien\u021bii no\u0219tri c\u0103 nu avem nicio legatur\u0103 cu aceste instrumente \u0219i s\u0103 nu se lase \u00een\u0219ela\u021bi de asemanarea numelor de marc\u0103. Produsele marca Hora se comercializeaza \u00een Bucure\u0219ti \u0219i online... Vezi Articol\" \/>\n<meta property=\"og:url\" content=\"https:\/\/hora-instruments.com\/ro\/anunt-important\/\" \/>\n<meta property=\"og:site_name\" content=\"Instrumente Hora\" \/>\n<meta property=\"article:publisher\" content=\"https:\/\/www.facebook.com\/hora.instruments\" \/>\n<meta property=\"article:modified_time\" content=\"2024-12-23T12:06:37+00:00\" \/>\n<meta name=\"twitter:card\" content=\"summary_large_image\" \/>\n<meta name=\"twitter:label1\" content=\"Timp estimat pentru citire\" \/>\n\t<meta name=\"twitter:data1\" content=\"1 minut\" \/>\n<script type=\"application\/ld+json\" class=\"yoast-schema-graph\">{\"@context\":\"https:\/\/schema.org\",\"@graph\":[{\"@type\":\"WebPage\",\"@id\":\"https:\/\/hora-instruments.com\/ro\/anunt-important\/\",\"url\":\"https:\/\/hora-instruments.com\/ro\/anunt-important\/\",\"name\":\"Anun\u021b important - Instrumente Hora\",\"isPartOf\":{\"@id\":\"https:\/\/hora-instruments.com\/ro\/#website\"},\"datePublished\":\"2024-12-23T12:05:40+00:00\",\"dateModified\":\"2024-12-23T12:06:37+00:00\",\"breadcrumb\":{\"@id\":\"https:\/\/hora-instruments.com\/ro\/anunt-important\/#breadcrumb\"},\"inLanguage\":\"ro-RO\",\"potentialAction\":[{\"@type\":\"ReadAction\",\"target\":[\"https:\/\/hora-instruments.com\/ro\/anunt-important\/\"]}]},{\"@type\":\"BreadcrumbList\",\"@id\":\"https:\/\/hora-instruments.com\/ro\/anunt-important\/#breadcrumb\",\"itemListElement\":[{\"@type\":\"ListItem\",\"position\":1,\"name\":\"Prima pagin\u0103\",\"item\":\"https:\/\/hora-instruments.com\/ro\/\"},{\"@type\":\"ListItem\",\"position\":2,\"name\":\"Anun\u021b important\"}]},{\"@type\":\"WebSite\",\"@id\":\"https:\/\/hora-instruments.com\/ro\/#website\",\"url\":\"https:\/\/hora-instruments.com\/ro\/\",\"name\":\"Instrumente Hora\",\"description\":\"\",\"publisher\":{\"@id\":\"https:\/\/hora-instruments.com\/ro\/#organization\"},\"potentialAction\":[{\"@type\":\"SearchAction\",\"target\":{\"@type\":\"EntryPoint\",\"urlTemplate\":\"https:\/\/hora-instruments.com\/ro\/?s={search_term_string}\"},\"query-input\":{\"@type\":\"PropertyValueSpecification\",\"valueRequired\":true,\"valueName\":\"search_term_string\"}}],\"inLanguage\":\"ro-RO\"},{\"@type\":\"Organization\",\"@id\":\"https:\/\/hora-instruments.com\/ro\/#organization\",\"name\":\"Instrumente Hora\",\"url\":\"https:\/\/hora-instruments.com\/ro\/\",\"logo\":{\"@type\":\"ImageObject\",\"inLanguage\":\"ro-RO\",\"@id\":\"https:\/\/hora-instruments.com\/ro\/#\/schema\/logo\/image\/\",\"url\":\"https:\/\/hora-instruments.com\/ro\/wp-content\/uploads\/2024\/10\/hora-instruments.png\",\"contentUrl\":\"https:\/\/hora-instruments.com\/ro\/wp-content\/uploads\/2024\/10\/hora-instruments.png\",\"width\":154,\"height\":154,\"caption\":\"Instrumente Hora\"},\"image\":{\"@id\":\"https:\/\/hora-instruments.com\/ro\/#\/schema\/logo\/image\/\"},\"sameAs\":[\"https:\/\/www.facebook.com\/hora.instruments\",\"https:\/\/www.instagram.com\/hora.factory\/\"]}]}<\/script>\n<!-- \/ Yoast SEO plugin. -->","yoast_head_json":{"title":"Anun\u021b important - Instrumente Hora","robots":{"index":"index","follow":"follow","max-snippet":"max-snippet:-1","max-image-preview":"max-image-preview:large","max-video-preview":"max-video-preview:-1"},"canonical":"https:\/\/hora-instruments.com\/ro\/anunt-important\/","og_locale":"ro_RO","og_type":"article","og_title":"Anun\u021b important - Instrumente Hora","og_description":"\u00cen urma sesiz\u0103rilor primite de la clien\u021bi, am observat c\u0103 exist\u0103 pe pia\u021b\u0103, instrumente de provenien\u021b\u0103 str\u0103in\u0103, comercializate sub marca &#8222;Rapsodia Reghin&#8221;. Dorim s\u0103 anun\u021b\u0103m clien\u021bii no\u0219tri c\u0103 nu avem nicio legatur\u0103 cu aceste instrumente \u0219i s\u0103 nu se lase \u00een\u0219ela\u021bi de asemanarea numelor de marc\u0103. Produsele marca Hora se comercializeaza \u00een Bucure\u0219ti \u0219i online... Vezi Articol","og_url":"https:\/\/hora-instruments.com\/ro\/anunt-important\/","og_site_name":"Instrumente Hora","article_publisher":"https:\/\/www.facebook.com\/hora.instruments","article_modified_time":"2024-12-23T12:06:37+00:00","twitter_card":"summary_large_image","twitter_misc":{"Timp estimat pentru citire":"1 minut"},"schema":{"@context":"https:\/\/schema.org","@graph":[{"@type":"WebPage","@id":"https:\/\/hora-instruments.com\/ro\/anunt-important\/","url":"https:\/\/hora-instruments.com\/ro\/anunt-important\/","name":"Anun\u021b important - Instrumente Hora","isPartOf":{"@id":"https:\/\/hora-instruments.com\/ro\/#website"},"datePublished":"2024-12-23T12:05:40+00:00","dateModified":"2024-12-23T12:06:37+00:00","breadcrumb":{"@id":"https:\/\/hora-instruments.com\/ro\/anunt-important\/#breadcrumb"},"inLanguage":"ro-RO","potentialAction":[{"@type":"ReadAction","target":["https:\/\/hora-instruments.com\/ro\/anunt-important\/"]}]},{"@type":"BreadcrumbList","@id":"https:\/\/hora-instruments.com\/ro\/anunt-important\/#breadcrumb","itemListElement":[{"@type":"ListItem","position":1,"name":"Prima pagin\u0103","item":"https:\/\/hora-instruments.com\/ro\/"},{"@type":"ListItem","position":2,"name":"Anun\u021b important"}]},{"@type":"WebSite","@id":"https:\/\/hora-instruments.com\/ro\/#website","url":"https:\/\/hora-instruments.com\/ro\/","name":"Instrumente Hora","description":"","publisher":{"@id":"https:\/\/hora-instruments.com\/ro\/#organization"},"potentialAction":[{"@type":"SearchAction","target":{"@type":"EntryPoint","urlTemplate":"https:\/\/hora-instruments.com\/ro\/?s={search_term_string}"},"query-input":{"@type":"PropertyValueSpecification","valueRequired":true,"valueName":"search_term_string"}}],"inLanguage":"ro-RO"},{"@type":"Organization","@id":"https:\/\/hora-instruments.com\/ro\/#organization","name":"Instrumente Hora","url":"https:\/\/hora-instruments.com\/ro\/","logo":{"@type":"ImageObject","inLanguage":"ro-RO","@id":"https:\/\/hora-instruments.com\/ro\/#\/schema\/logo\/image\/","url":"https:\/\/hora-instruments.com\/ro\/wp-content\/uploads\/2024\/10\/hora-instruments.png","contentUrl":"https:\/\/hora-instruments.com\/ro\/wp-content\/uploads\/2024\/10\/hora-instruments.png","width":154,"height":154,"caption":"Instrumente Hora"},"image":{"@id":"https:\/\/hora-instruments.com\/ro\/#\/schema\/logo\/image\/"},"sameAs":["https:\/\/www.facebook.com\/hora.instruments","https:\/\/www.instagram.com\/hora.factory\/"]}]}},"_links":{"self":[{"href":"https:\/\/hora-instruments.com\/ro\/wp-json\/wp\/v2\/pages\/2920","targetHints":{"allow":["GET"]}}],"collection":[{"href":"https:\/\/hora-instruments.com\/ro\/wp-json\/wp\/v2\/pages"}],"about":[{"href":"https:\/\/hora-instruments.com\/ro\/wp-json\/wp\/v2\/types\/page"}],"author":[{"embeddable":true,"href":"https:\/\/hora-instruments.com\/ro\/wp-json\/wp\/v2\/users\/1"}],"replies":[{"embeddable":true,"href":"https:\/\/hora-instruments.com\/ro\/wp-json\/wp\/v2\/comments?post=2920"}],"version-history":[{"count":2,"href":"https:\/\/hora-instruments.com\/ro\/wp-json\/wp\/v2\/pages\/2920\/revisions"}],"predecessor-version":[{"id":2923,"href":"https:\/\/hora-instruments.com\/ro\/wp-json\/wp\/v2\/pages\/2920\/revisions\/2923"}],"wp:attachment":[{"href":"https:\/\/hora-instruments.com\/ro\/wp-json\/wp\/v2\/media?parent=2920"}],"curies":[{"name":"wp","href":"https:\/\/api.w.org\/{rel}","templated":true}]}}