{"id":3034,"date":"2025-12-18T11:00:39","date_gmt":"2025-12-18T11:00:39","guid":{"rendered":"https:\/\/hora-instruments.com\/ro\/?page_id=3034"},"modified":"2025-12-18T11:36:42","modified_gmt":"2025-12-18T11:36:42","slug":"digitalizarea-managementului-resurselor-intreprinderii","status":"publish","type":"page","link":"https:\/\/hora-instruments.com\/ro\/digitalizarea-managementului-resurselor-intreprinderii\/","title":{"rendered":"Digitalizarea managementului resurselor \u00eentreprinderii"},"content":{"rendered":"<p><a href=\"https:\/\/hora-instruments.com\/ro\/wp-content\/uploads\/2025\/12\/comunicat-lansare-proiect.png\"><img fetchpriority=\"high\" decoding=\"async\" width=\"996\" height=\"117\" class=\"size-full wp-image-3035 aligncenter\" src=\"https:\/\/hora-instruments.com\/ro\/wp-content\/uploads\/2025\/12\/comunicat-lansare-proiect.png\" alt=\"\" srcset=\"https:\/\/hora-instruments.com\/ro\/wp-content\/uploads\/2025\/12\/comunicat-lansare-proiect.png 996w, https:\/\/hora-instruments.com\/ro\/wp-content\/uploads\/2025\/12\/comunicat-lansare-proiect-250x29.png 250w, https:\/\/hora-instruments.com\/ro\/wp-content\/uploads\/2025\/12\/comunicat-lansare-proiect-700x82.png 700w, https:\/\/hora-instruments.com\/ro\/wp-content\/uploads\/2025\/12\/comunicat-lansare-proiect-768x90.png 768w, https:\/\/hora-instruments.com\/ro\/wp-content\/uploads\/2025\/12\/comunicat-lansare-proiect-120x14.png 120w\" sizes=\"(max-width: 996px) 100vw, 996px\" \/><\/a><\/p>\n<p style=\"text-align: center;\"><span style=\"font-size: 14pt;\"><strong>Comunicat<\/strong><strong>\u00a0<\/strong><strong>lansare<\/strong> <strong>proiect<\/strong><\/span><\/p>\n<p style=\"text-align: center;\"><span style=\"font-size: 18pt;\"><strong><span lang=\"RO\" style=\"color: #00007f;\">Digitalizarea managementului resurselor <span style=\"letter-spacing: -.1pt;\">\u00eentreprinderii<\/span><\/span><\/strong><\/span><\/p>\n<p><strong>Scopul proiectului: <\/strong>Digitalizarea resurselor \u00eentreprinderii prin ERP \u0219i solu\u021bii digitale (CAD\/CAM, arhivare electronic\u0103 site modernizat) \u0219i instruirea personalului, pentru cre\u0219terea eficien\u021bei \u0219i competitivit\u0103\u021bii.<\/p>\n<p><strong>Beneficiar: <\/strong><strong>HORA S.A.<\/strong><\/p>\n<p><strong>\u00a0<\/strong><strong>Perioada de implementare: 28.11.2025 &#8211; 27.11.2026<\/strong><strong>\u00a0<\/strong><\/p>\n<table>\n<tbody>\n<tr>\n<td width=\"358\"><strong>Valoarea total\u0103 a proiectului (Lei)<\/strong><\/td>\n<td width=\"358\"><strong>Valoarea cofinan\u021b\u0103rii UE (lei)<\/strong><\/td>\n<\/tr>\n<tr>\n<td><strong>1.336.132,87<\/strong><\/td>\n<td><strong>834.026,63<\/strong><\/td>\n<\/tr>\n<\/tbody>\n<\/table>\n<p><strong>Rezumat proiect \u0219i activit\u0103\u021bi:<\/strong><\/p>\n<p>Proiectul este finan\u021bat prin PROGRAMUL REGIONAL CENTRU 2021-2027; PRIORITATEA 2 &#8211; O REGIUNE DIGITAL\u0102; Ac\u021biunea 2.2 \u00centreprinderi digitale pentru o economie avansat\u0103 &#8211; sectoarele de specializare inteligent\u0103, \u00een baza contractului de finan\u021bare num\u0103rul 545\/28.11.2025.<\/p>\n<p>Titlul proiectului este: Digitalizarea managementului resurselor \u00eentreprinderii, cod SMIS 330017. Suport financiar propriu: credit bancar \u0219i surse proprii.<\/p>\n<p>Proiectul HORA S.A.,urm\u0103re\u0219te digitalizarea managementului resurselor \u00eentreprinderii prin implementarea unui sistem ERP \u0219i integrarea solu\u021biilor digitale precum CAD, CAD\/CAM, arhivarea electronic\u0103 \u0219i modernizarea site-ului. Aceast\u0103 transformare, \u00eempreun\u0103 cu instruirea personalului, vizeaz\u0103 cre\u0219terea eficien\u021bei, productivit\u0103\u021bii \u0219i competitivit\u0103\u021bii companiei.<\/p>\n<p>Obiectivele principale ale proiectului sunt:<\/p>\n<ul>\n<li>Digitalizarea \u0219i dezvoltarea sistemului de management al resurselor \u00eentreprinderii, p\u00e2n\u0103 la sf\u00e2r\u0219itul perioadei de implementare.<\/li>\n<li>Achizi\u021bia de competen\u021be prin accesarea de programe de formare specifice pentru 20 angaja\u021bi implica\u021bi \u00een opera\u021bionalizarea investi\u021biei, p\u00e2n\u0103 la sf\u00e2r\u0219itul perioadei de implementare.<\/li>\n<li>\u00cendeplinirea a minim 7 criterii DESI 2019 p\u00e2n\u0103 la sf\u00e2r\u0219itul perioadei de<\/li>\n<li>Minim 20 utilizatori ERP p\u00e2n\u0103 la sf\u00e2r\u0219itul perioadei de implementare.<\/li>\n<\/ul>\n<p>Echipamente hardware care se vor achizi\u021biona prin proiect sunt: 1 sta\u021bie grafic\u0103, 20 sisteme PC, 1 Scanner 3D, 20 telefoane mobile, 2 tablete, 4 cititoare de cod de bare, 2 laptopuri, 1 server.<\/p>\n<p>Dot\u0103ri necorporale care se vor achizi\u021biona prin proiect: 1 sistem de management al resurselor \u00eentreprinderii, 1 site web modernizat, 1 software CAD, 1 software CAD\/CAM pentru prelucrarea lemnului, 22 licen\u021be sistem de operare, 19 licen\u021be aplica\u021bii productivitate &#8211; tip 1, 1 licen\u021b\u0103 aplica\u021bie productivitate &#8211; tip 2, 1 serviciu de arhivare electronic\u0103.<\/p>\n<p>Implementarea proiectului de digitalizare la HORA S.A. va aduce beneficii semnificative \u00een toate aspectele activit\u0103\u021bii organiza\u021biei, influen\u021b\u00e2nd pozitiv at\u00e2t opera\u021biunile interne, c\u00e2t \u0219i rela\u021bia cu clien\u021bii.<\/p>\n<p>\u00cen domeniul managementului, proiectul va aduce eficien\u021b\u0103 opera\u021bional\u0103 prin implementarea sistemului ERP \u0219i a software-ului de proiectare CAD. Aceasta va elimina redundan\u021bele \u0219i va reduce timpul dedicat administr\u0103rii, permi\u021b\u00e2nd resurselor s\u0103 fie direc\u021bionate c\u0103tre activit\u0103\u021bi mai strategice. Func\u021biile avansate de monitorizare \u0219i control al produc\u021biei vor oferi managementului o vizibilitate \u00eembun\u0103t\u0103\u021bit\u0103 asupra activit\u0103\u021bilor \u00een timp real, sprijinind luarea deciziilor informate \u0219i adaptabile la nevoile pie\u021bei. HORA S.A. va fi astfel preg\u0103tit\u0103 s\u0103 r\u0103spund\u0103 cerin\u021belor tehnologice \u0219i s\u0103 ofere o experien\u021b\u0103 superioar\u0103 clien\u021bilor s\u0103i, consolid\u00e2ndu-\u0219i pozi\u021bia de lider \u00eentr-un mediu competitiv.<\/p>\n<p>Proiectul contribuie direct la reducerea costurilor opera\u021bionale, la \u00eembun\u0103t\u0103\u021birea eficien\u021bei \u0219i la cre\u0219terea nivelului de digitalizare al \u00eentreprinderii, fiind corelat cu obiectivele PNRR privind transformarea digital\u0103.<\/p>\n<p><a href=\"https:\/\/hora-instruments.com\/ro\/wp-content\/uploads\/2025\/12\/footer-comunicat-lansare-proiect.png\"><img decoding=\"async\" width=\"1125\" height=\"279\" class=\"alignnone size-full wp-image-3036\" src=\"https:\/\/hora-instruments.com\/ro\/wp-content\/uploads\/2025\/12\/footer-comunicat-lansare-proiect.png\" alt=\"\" srcset=\"https:\/\/hora-instruments.com\/ro\/wp-content\/uploads\/2025\/12\/footer-comunicat-lansare-proiect.png 1125w, https:\/\/hora-instruments.com\/ro\/wp-content\/uploads\/2025\/12\/footer-comunicat-lansare-proiect-250x62.png 250w, https:\/\/hora-instruments.com\/ro\/wp-content\/uploads\/2025\/12\/footer-comunicat-lansare-proiect-700x174.png 700w, https:\/\/hora-instruments.com\/ro\/wp-content\/uploads\/2025\/12\/footer-comunicat-lansare-proiect-768x190.png 768w, https:\/\/hora-instruments.com\/ro\/wp-content\/uploads\/2025\/12\/footer-comunicat-lansare-proiect-120x30.png 120w\" sizes=\"(max-width: 1125px) 100vw, 1125px\" \/><\/a><\/p>\n","protected":false},"excerpt":{"rendered":"Comunicat\u00a0lansare proiect Digitalizarea managementului resurselor \u00eentreprinderii Scopul proiectului: Digitalizarea resurselor \u00eentreprinderii prin ERP \u0219i solu\u021bii digitale (CAD\/CAM, arhivare electronic\u0103 site modernizat) \u0219i instruirea personalului, pentru cre\u0219terea eficien\u021bei \u0219i competitivit\u0103\u021bii. Beneficiar: HORA S.A. \u00a0Perioada de implementare: 28.11.2025 &#8211; 27.11.2026\u00a0 Valoarea total\u0103 a proiectului (Lei) Valoarea cofinan\u021b\u0103rii UE (lei) 1.336.132,87 834.026,63 Rezumat proiect \u0219i activit\u0103\u021bi: Proiectul este&#8230; <a class=\"view-article\" href=\"https:\/\/hora-instruments.com\/ro\/digitalizarea-managementului-resurselor-intreprinderii\/\">Vezi Articol<\/a>","protected":false},"author":1,"featured_media":0,"parent":0,"menu_order":0,"comment_status":"closed","ping_status":"closed","template":"","meta":{"_acf_changed":false,"footnotes":""},"class_list":["post-3034","page","type-page","status-publish","hentry"],"acf":[],"yoast_head":"<!-- This site is optimized with the Yoast SEO plugin v26.4 - https:\/\/yoast.com\/wordpress\/plugins\/seo\/ -->\n<title>Digitalizarea managementului resurselor \u00eentreprinderii - Instrumente Hora<\/title>\n<meta name=\"robots\" content=\"index, follow, max-snippet:-1, max-image-preview:large, max-video-preview:-1\" \/>\n<link rel=\"canonical\" href=\"https:\/\/hora-instruments.com\/ro\/digitalizarea-managementului-resurselor-intreprinderii\/\" \/>\n<meta property=\"og:locale\" content=\"ro_RO\" \/>\n<meta property=\"og:type\" content=\"article\" \/>\n<meta property=\"og:title\" content=\"Digitalizarea managementului resurselor \u00eentreprinderii - Instrumente Hora\" \/>\n<meta property=\"og:description\" content=\"Comunicat\u00a0lansare proiect Digitalizarea managementului resurselor \u00eentreprinderii Scopul proiectului: Digitalizarea resurselor \u00eentreprinderii prin ERP \u0219i solu\u021bii digitale (CAD\/CAM, arhivare electronic\u0103 site modernizat) \u0219i instruirea personalului, pentru cre\u0219terea eficien\u021bei \u0219i competitivit\u0103\u021bii. Beneficiar: HORA S.A. \u00a0Perioada de implementare: 28.11.2025 &#8211; 27.11.2026\u00a0 Valoarea total\u0103 a proiectului (Lei) Valoarea cofinan\u021b\u0103rii UE (lei) 1.336.132,87 834.026,63 Rezumat proiect \u0219i activit\u0103\u021bi: Proiectul este... Vezi Articol\" \/>\n<meta property=\"og:url\" content=\"https:\/\/hora-instruments.com\/ro\/digitalizarea-managementului-resurselor-intreprinderii\/\" \/>\n<meta property=\"og:site_name\" content=\"Instrumente Hora\" \/>\n<meta property=\"article:publisher\" content=\"https:\/\/www.facebook.com\/hora.instruments\" \/>\n<meta property=\"article:modified_time\" content=\"2025-12-18T11:36:42+00:00\" \/>\n<meta property=\"og:image\" content=\"https:\/\/hora-instruments.com\/ro\/wp-content\/uploads\/2025\/12\/comunicat-lansare-proiect.png\" \/>\n\t<meta property=\"og:image:width\" content=\"996\" \/>\n\t<meta property=\"og:image:height\" content=\"117\" \/>\n\t<meta property=\"og:image:type\" content=\"image\/png\" \/>\n<meta name=\"twitter:card\" content=\"summary_large_image\" \/>\n<meta name=\"twitter:label1\" content=\"Timp estimat pentru citire\" \/>\n\t<meta name=\"twitter:data1\" content=\"3 minute\" \/>\n<script type=\"application\/ld+json\" class=\"yoast-schema-graph\">{\"@context\":\"https:\/\/schema.org\",\"@graph\":[{\"@type\":\"WebPage\",\"@id\":\"https:\/\/hora-instruments.com\/ro\/digitalizarea-managementului-resurselor-intreprinderii\/\",\"url\":\"https:\/\/hora-instruments.com\/ro\/digitalizarea-managementului-resurselor-intreprinderii\/\",\"name\":\"Digitalizarea managementului resurselor \u00eentreprinderii - Instrumente Hora\",\"isPartOf\":{\"@id\":\"https:\/\/hora-instruments.com\/ro\/#website\"},\"primaryImageOfPage\":{\"@id\":\"https:\/\/hora-instruments.com\/ro\/digitalizarea-managementului-resurselor-intreprinderii\/#primaryimage\"},\"image\":{\"@id\":\"https:\/\/hora-instruments.com\/ro\/digitalizarea-managementului-resurselor-intreprinderii\/#primaryimage\"},\"thumbnailUrl\":\"https:\/\/hora-instruments.com\/ro\/wp-content\/uploads\/2025\/12\/comunicat-lansare-proiect.png\",\"datePublished\":\"2025-12-18T11:00:39+00:00\",\"dateModified\":\"2025-12-18T11:36:42+00:00\",\"breadcrumb\":{\"@id\":\"https:\/\/hora-instruments.com\/ro\/digitalizarea-managementului-resurselor-intreprinderii\/#breadcrumb\"},\"inLanguage\":\"ro-RO\",\"potentialAction\":[{\"@type\":\"ReadAction\",\"target\":[\"https:\/\/hora-instruments.com\/ro\/digitalizarea-managementului-resurselor-intreprinderii\/\"]}]},{\"@type\":\"ImageObject\",\"inLanguage\":\"ro-RO\",\"@id\":\"https:\/\/hora-instruments.com\/ro\/digitalizarea-managementului-resurselor-intreprinderii\/#primaryimage\",\"url\":\"https:\/\/hora-instruments.com\/ro\/wp-content\/uploads\/2025\/12\/comunicat-lansare-proiect.png\",\"contentUrl\":\"https:\/\/hora-instruments.com\/ro\/wp-content\/uploads\/2025\/12\/comunicat-lansare-proiect.png\"},{\"@type\":\"BreadcrumbList\",\"@id\":\"https:\/\/hora-instruments.com\/ro\/digitalizarea-managementului-resurselor-intreprinderii\/#breadcrumb\",\"itemListElement\":[{\"@type\":\"ListItem\",\"position\":1,\"name\":\"Prima pagin\u0103\",\"item\":\"https:\/\/hora-instruments.com\/ro\/\"},{\"@type\":\"ListItem\",\"position\":2,\"name\":\"Digitalizarea managementului resurselor \u00eentreprinderii\"}]},{\"@type\":\"WebSite\",\"@id\":\"https:\/\/hora-instruments.com\/ro\/#website\",\"url\":\"https:\/\/hora-instruments.com\/ro\/\",\"name\":\"Instrumente Hora\",\"description\":\"\",\"publisher\":{\"@id\":\"https:\/\/hora-instruments.com\/ro\/#organization\"},\"potentialAction\":[{\"@type\":\"SearchAction\",\"target\":{\"@type\":\"EntryPoint\",\"urlTemplate\":\"https:\/\/hora-instruments.com\/ro\/?s={search_term_string}\"},\"query-input\":{\"@type\":\"PropertyValueSpecification\",\"valueRequired\":true,\"valueName\":\"search_term_string\"}}],\"inLanguage\":\"ro-RO\"},{\"@type\":\"Organization\",\"@id\":\"https:\/\/hora-instruments.com\/ro\/#organization\",\"name\":\"Instrumente Hora\",\"url\":\"https:\/\/hora-instruments.com\/ro\/\",\"logo\":{\"@type\":\"ImageObject\",\"inLanguage\":\"ro-RO\",\"@id\":\"https:\/\/hora-instruments.com\/ro\/#\/schema\/logo\/image\/\",\"url\":\"https:\/\/hora-instruments.com\/ro\/wp-content\/uploads\/2024\/10\/hora-instruments.png\",\"contentUrl\":\"https:\/\/hora-instruments.com\/ro\/wp-content\/uploads\/2024\/10\/hora-instruments.png\",\"width\":154,\"height\":154,\"caption\":\"Instrumente Hora\"},\"image\":{\"@id\":\"https:\/\/hora-instruments.com\/ro\/#\/schema\/logo\/image\/\"},\"sameAs\":[\"https:\/\/www.facebook.com\/hora.instruments\",\"https:\/\/www.instagram.com\/hora.factory\/\"]}]}<\/script>\n<!-- \/ Yoast SEO plugin. -->","yoast_head_json":{"title":"Digitalizarea managementului resurselor \u00eentreprinderii - Instrumente Hora","robots":{"index":"index","follow":"follow","max-snippet":"max-snippet:-1","max-image-preview":"max-image-preview:large","max-video-preview":"max-video-preview:-1"},"canonical":"https:\/\/hora-instruments.com\/ro\/digitalizarea-managementului-resurselor-intreprinderii\/","og_locale":"ro_RO","og_type":"article","og_title":"Digitalizarea managementului resurselor \u00eentreprinderii - Instrumente Hora","og_description":"Comunicat\u00a0lansare proiect Digitalizarea managementului resurselor \u00eentreprinderii Scopul proiectului: Digitalizarea resurselor \u00eentreprinderii prin ERP \u0219i solu\u021bii digitale (CAD\/CAM, arhivare electronic\u0103 site modernizat) \u0219i instruirea personalului, pentru cre\u0219terea eficien\u021bei \u0219i competitivit\u0103\u021bii. Beneficiar: HORA S.A. \u00a0Perioada de implementare: 28.11.2025 &#8211; 27.11.2026\u00a0 Valoarea total\u0103 a proiectului (Lei) Valoarea cofinan\u021b\u0103rii UE (lei) 1.336.132,87 834.026,63 Rezumat proiect \u0219i activit\u0103\u021bi: Proiectul este... Vezi Articol","og_url":"https:\/\/hora-instruments.com\/ro\/digitalizarea-managementului-resurselor-intreprinderii\/","og_site_name":"Instrumente Hora","article_publisher":"https:\/\/www.facebook.com\/hora.instruments","article_modified_time":"2025-12-18T11:36:42+00:00","og_image":[{"width":996,"height":117,"url":"https:\/\/hora-instruments.com\/ro\/wp-content\/uploads\/2025\/12\/comunicat-lansare-proiect.png","type":"image\/png"}],"twitter_card":"summary_large_image","twitter_misc":{"Timp estimat pentru citire":"3 minute"},"schema":{"@context":"https:\/\/schema.org","@graph":[{"@type":"WebPage","@id":"https:\/\/hora-instruments.com\/ro\/digitalizarea-managementului-resurselor-intreprinderii\/","url":"https:\/\/hora-instruments.com\/ro\/digitalizarea-managementului-resurselor-intreprinderii\/","name":"Digitalizarea managementului resurselor \u00eentreprinderii - Instrumente Hora","isPartOf":{"@id":"https:\/\/hora-instruments.com\/ro\/#website"},"primaryImageOfPage":{"@id":"https:\/\/hora-instruments.com\/ro\/digitalizarea-managementului-resurselor-intreprinderii\/#primaryimage"},"image":{"@id":"https:\/\/hora-instruments.com\/ro\/digitalizarea-managementului-resurselor-intreprinderii\/#primaryimage"},"thumbnailUrl":"https:\/\/hora-instruments.com\/ro\/wp-content\/uploads\/2025\/12\/comunicat-lansare-proiect.png","datePublished":"2025-12-18T11:00:39+00:00","dateModified":"2025-12-18T11:36:42+00:00","breadcrumb":{"@id":"https:\/\/hora-instruments.com\/ro\/digitalizarea-managementului-resurselor-intreprinderii\/#breadcrumb"},"inLanguage":"ro-RO","potentialAction":[{"@type":"ReadAction","target":["https:\/\/hora-instruments.com\/ro\/digitalizarea-managementului-resurselor-intreprinderii\/"]}]},{"@type":"ImageObject","inLanguage":"ro-RO","@id":"https:\/\/hora-instruments.com\/ro\/digitalizarea-managementului-resurselor-intreprinderii\/#primaryimage","url":"https:\/\/hora-instruments.com\/ro\/wp-content\/uploads\/2025\/12\/comunicat-lansare-proiect.png","contentUrl":"https:\/\/hora-instruments.com\/ro\/wp-content\/uploads\/2025\/12\/comunicat-lansare-proiect.png"},{"@type":"BreadcrumbList","@id":"https:\/\/hora-instruments.com\/ro\/digitalizarea-managementului-resurselor-intreprinderii\/#breadcrumb","itemListElement":[{"@type":"ListItem","position":1,"name":"Prima pagin\u0103","item":"https:\/\/hora-instruments.com\/ro\/"},{"@type":"ListItem","position":2,"name":"Digitalizarea managementului resurselor \u00eentreprinderii"}]},{"@type":"WebSite","@id":"https:\/\/hora-instruments.com\/ro\/#website","url":"https:\/\/hora-instruments.com\/ro\/","name":"Instrumente Hora","description":"","publisher":{"@id":"https:\/\/hora-instruments.com\/ro\/#organization"},"potentialAction":[{"@type":"SearchAction","target":{"@type":"EntryPoint","urlTemplate":"https:\/\/hora-instruments.com\/ro\/?s={search_term_string}"},"query-input":{"@type":"PropertyValueSpecification","valueRequired":true,"valueName":"search_term_string"}}],"inLanguage":"ro-RO"},{"@type":"Organization","@id":"https:\/\/hora-instruments.com\/ro\/#organization","name":"Instrumente Hora","url":"https:\/\/hora-instruments.com\/ro\/","logo":{"@type":"ImageObject","inLanguage":"ro-RO","@id":"https:\/\/hora-instruments.com\/ro\/#\/schema\/logo\/image\/","url":"https:\/\/hora-instruments.com\/ro\/wp-content\/uploads\/2024\/10\/hora-instruments.png","contentUrl":"https:\/\/hora-instruments.com\/ro\/wp-content\/uploads\/2024\/10\/hora-instruments.png","width":154,"height":154,"caption":"Instrumente Hora"},"image":{"@id":"https:\/\/hora-instruments.com\/ro\/#\/schema\/logo\/image\/"},"sameAs":["https:\/\/www.facebook.com\/hora.instruments","https:\/\/www.instagram.com\/hora.factory\/"]}]}},"_links":{"self":[{"href":"https:\/\/hora-instruments.com\/ro\/wp-json\/wp\/v2\/pages\/3034","targetHints":{"allow":["GET"]}}],"collection":[{"href":"https:\/\/hora-instruments.com\/ro\/wp-json\/wp\/v2\/pages"}],"about":[{"href":"https:\/\/hora-instruments.com\/ro\/wp-json\/wp\/v2\/types\/page"}],"author":[{"embeddable":true,"href":"https:\/\/hora-instruments.com\/ro\/wp-json\/wp\/v2\/users\/1"}],"replies":[{"embeddable":true,"href":"https:\/\/hora-instruments.com\/ro\/wp-json\/wp\/v2\/comments?post=3034"}],"version-history":[{"count":4,"href":"https:\/\/hora-instruments.com\/ro\/wp-json\/wp\/v2\/pages\/3034\/revisions"}],"predecessor-version":[{"id":3040,"href":"https:\/\/hora-instruments.com\/ro\/wp-json\/wp\/v2\/pages\/3034\/revisions\/3040"}],"wp:attachment":[{"href":"https:\/\/hora-instruments.com\/ro\/wp-json\/wp\/v2\/media?parent=3034"}],"curies":[{"name":"wp","href":"https:\/\/api.w.org\/{rel}","templated":true}]}}