{"id":34,"date":"2024-05-29T09:53:53","date_gmt":"2024-05-29T09:53:53","guid":{"rendered":"http:\/\/localhost\/hora\/?page_id=34"},"modified":"2024-09-10T09:56:41","modified_gmt":"2024-09-10T09:56:41","slug":"despre-noi","status":"publish","type":"page","link":"https:\/\/hora-instruments.com\/ro\/despre-noi\/","title":{"rendered":"Despre noi"},"content":{"rendered":"<h3 class=\"elementor-heading-title elementor-size-default\">Mesajul Directorului General<\/h3>\n<p class=\"elementor-heading-title elementor-size-default\"><strong>HORA S.A.: Tradi\u0163ie \u015fi Continuitate<\/strong><\/p>\n<p class=\"elementor-heading-title elementor-size-default\">HORA S.A este cea mai mare \u015fi mai veche companie pentru construc\u0163ia instrumentelor muzicale din Rom\u00e2nia, av\u00e2nd o tradi\u0163ie de mai mult de 70 de ani. Fondat \u00een anul 1951 de c\u0103tre maestrul Roman Boianciuc, ca un mic atelier, acesta a produs doar 37 de viori lucrate cu m\u0103iestrie \u00een primul an de func\u0163ionare. Un an mai t\u00e2rziu, num\u0103rul a crescut la 435 viori, produc\u0163ia continu\u00e2nd s\u0103 creasc\u0103 \u00eempreun\u0103 cu cererea pentru noile instrumente cu coarde r\u00e2vnite pentru calitatea \u015fi tonul oferit de lemnul carpatin. Spre sf\u00e2r\u015fitul anilor 1950, HORA a \u00eenceput s\u0103 produc\u0103 chitare, mandoline \u015fi deasemenea alte instrumente tradi\u0163ionale din diferite \u0163\u0103ri. \u00cen anii 1960, compania a \u00eenceput trecerea de la micul atelier pentru construc\u0163ia instumentelor spre un produc\u0103tor la scar\u0103 larg\u0103. Noile ma\u015fini pentru prelucrarea lemnului \u015fi sculele de precizie au automatizat mult opera\u0163iile, oferind companiei HORA posibilitatea de a-\u015fi cre\u015fte produc\u0163ia de mai multe ori, men\u0163in\u00e2nd \u00een acela\u015fi timp calitatea superioar\u0103.<\/p>\n<p class=\"elementor-heading-title elementor-size-default\">\n\u00cen zilele de azi, HORA S.A., produce \u00een jur de 70000 de instrumente muzicale, dintre care 8000 fiind cu arcu\u015f ca viori, viole, violoncele, contraba\u015fi \u015fi 60000 fiind instrumente ciupite ca, chitare clasice \u015fi acustice, mandoline, bouzouki, ukulele ca s\u0103 numim doar c\u00e2teva dintre ele. HORA are marele avantaj de a de\u0163ine lemn de rezonan\u0163\u0103 de foarte bun\u0103 calitate ca, molid \u015fi paltin din sursele locale, mun\u0163ii Carpa\u0163i. Lemnul de rezonan\u0163\u0103 este stocat \u00een depozite timp de 5-10 ani pentru o \u00eemb\u0103tr\u00e2nire natural\u0103, dob\u00e2ndind astfel calit\u0103\u0163i acustice \u015fi de stabilitate superioar\u0103 de durat\u0103. Lemnele exotice ca abanosul, palisandrul, mahonul, cedru ro\u015fu \u015fi lemnul brazilian sunt de asemenea folosite \u00een fabricarea instrumentelor. Calitatea exceptional\u0103 a lemnului combinat\u0103 cu m\u0103iestria cu care lucreaz\u0103 muncitorii \u015fi tehnicienii contribuie la calitatea uimitoare a produselor.<br \/>\nPe l\u00e2ng\u0103 produc\u0163ia de instrumente \u00een mas\u0103 realizat\u0103 \u00een fabric\u0103, HORA S.A. produce instrumente profesionale de top pentru Filarmonici \u015fi soli\u015fti de renume din \u0163ar\u0103 \u015fi str\u0103in\u0103tate construite \u00eentr-un atelier special dedicat de luterie. Compania export\u0103 80% din produ\u0163ie \u00een toat\u0103 lumea, v\u00e2nz\u00e2nd produsele noastre at\u00e2t marilor distribuitori din \u00eentreaga lume c\u00e2t \u015fi micilor magazine locale. Cre\u015fterea comer\u0163ului electronic \u015fi a promov\u0103rii produselor pe internet ofer\u0103 firmei HORA posibilitatea incursiunii \u015fi deschiderii de noi pie\u0163e. Directorul general al companiei, domnul inginer Nicolae B\u00e2zgan, lucreaz\u0103 \u00een cadrul fabricii \u00eencep\u00e2nd cu anul 1965, dup\u0103 absolvirea Universit\u0103\u0163ii din Bra\u015fov, Rom\u00e2nia , cu specializarea \u00een Ma\u015fini pentru prelucrarea lemnului. La \u00eenceput, domnia sa lucreaz\u0103 ca \u015fef de sec\u0163ie devenind din anul 1990 director general. Stabilitatea \u015fi continuitatea pe care domnul Nicolae B\u00e2zgan o are \u00een managementul companiei asigur\u0103 consisten\u0163a \u015fi calitatea ridicat\u0103 a produc\u0163iei instrumentelor, contribuind astfel la succesul din spatele fabricii.<\/p>\n<p class=\"elementor-heading-title elementor-size-default\">\nInstrumentele muzicale produse la HORA S.A sunt de calitate superioar\u0103, conform certificatului de calitate ISO 9001, \u00eemplinind cerin\u0163ele unui spectru foarte larg de clien\u0163i. Ele ofer\u0103 suport \u00eencep\u0103torilor, ofer\u0103 \u00eencredere celor experimenta\u0163i \u015fi ofer\u0103 inspira\u0163ie celor virtuo\u015fi. Nu ezita\u0163i s\u0103 afla\u0163i mai multe despre instrumentele noastre vizit\u00e2nd site-ul www.hora-instruments.com \u015fi dac\u0103 ave\u0163i intreb\u0103ri nu am\u00e2na\u0163i s\u0103 ne contacta\u0163i. A\u015ftept\u0103m s\u0103 ne cunoa\u015ftem .<\/p>\n<p>&nbsp;<\/p>\n<p class=\"elementor-heading-title elementor-size-default\">Cu stim\u0103,<br \/>\n<strong>Ing. Nicolae B\u00e2zgan<\/strong><br \/>\n<strong>HORA S.A.<\/strong><\/p>\n","protected":false},"excerpt":{"rendered":"Mesajul Directorului General HORA S.A.: Tradi\u0163ie \u015fi Continuitate HORA S.A este cea mai mare \u015fi mai veche companie pentru construc\u0163ia instrumentelor muzicale din Rom\u00e2nia, av\u00e2nd o tradi\u0163ie de mai mult de 70 de ani. Fondat \u00een anul 1951 de c\u0103tre maestrul Roman Boianciuc, ca un mic atelier, acesta a produs doar 37 de viori lucrate&#8230; <a class=\"view-article\" href=\"https:\/\/hora-instruments.com\/ro\/despre-noi\/\">Vezi Articol<\/a>","protected":false},"author":1,"featured_media":0,"parent":0,"menu_order":24,"comment_status":"closed","ping_status":"closed","template":"page-about.php","meta":{"_acf_changed":false,"footnotes":""},"class_list":["post-34","page","type-page","status-publish","hentry"],"acf":[],"yoast_head":"<!-- This site is optimized with the Yoast SEO plugin v26.4 - https:\/\/yoast.com\/wordpress\/plugins\/seo\/ -->\n<title>Despre noi - Instrumente Hora<\/title>\n<meta name=\"robots\" content=\"index, follow, max-snippet:-1, max-image-preview:large, max-video-preview:-1\" \/>\n<link rel=\"canonical\" href=\"https:\/\/hora-instruments.com\/ro\/despre-noi\/\" \/>\n<meta property=\"og:locale\" content=\"ro_RO\" \/>\n<meta property=\"og:type\" content=\"article\" \/>\n<meta property=\"og:title\" content=\"Despre noi - Instrumente Hora\" \/>\n<meta property=\"og:description\" content=\"Mesajul Directorului General HORA S.A.: Tradi\u0163ie \u015fi Continuitate HORA S.A este cea mai mare \u015fi mai veche companie pentru construc\u0163ia instrumentelor muzicale din Rom\u00e2nia, av\u00e2nd o tradi\u0163ie de mai mult de 70 de ani. Fondat \u00een anul 1951 de c\u0103tre maestrul Roman Boianciuc, ca un mic atelier, acesta a produs doar 37 de viori lucrate... Vezi Articol\" \/>\n<meta property=\"og:url\" content=\"https:\/\/hora-instruments.com\/ro\/despre-noi\/\" \/>\n<meta property=\"og:site_name\" content=\"Instrumente Hora\" \/>\n<meta property=\"article:publisher\" content=\"https:\/\/www.facebook.com\/hora.instruments\" \/>\n<meta property=\"article:modified_time\" content=\"2024-09-10T09:56:41+00:00\" \/>\n<meta name=\"twitter:card\" content=\"summary_large_image\" \/>\n<meta name=\"twitter:label1\" content=\"Timp estimat pentru citire\" \/>\n\t<meta name=\"twitter:data1\" content=\"3 minute\" \/>\n<script type=\"application\/ld+json\" class=\"yoast-schema-graph\">{\"@context\":\"https:\/\/schema.org\",\"@graph\":[{\"@type\":\"WebPage\",\"@id\":\"https:\/\/hora-instruments.com\/ro\/despre-noi\/\",\"url\":\"https:\/\/hora-instruments.com\/ro\/despre-noi\/\",\"name\":\"Despre noi - Instrumente Hora\",\"isPartOf\":{\"@id\":\"https:\/\/hora-instruments.com\/ro\/#website\"},\"datePublished\":\"2024-05-29T09:53:53+00:00\",\"dateModified\":\"2024-09-10T09:56:41+00:00\",\"breadcrumb\":{\"@id\":\"https:\/\/hora-instruments.com\/ro\/despre-noi\/#breadcrumb\"},\"inLanguage\":\"ro-RO\",\"potentialAction\":[{\"@type\":\"ReadAction\",\"target\":[\"https:\/\/hora-instruments.com\/ro\/despre-noi\/\"]}]},{\"@type\":\"BreadcrumbList\",\"@id\":\"https:\/\/hora-instruments.com\/ro\/despre-noi\/#breadcrumb\",\"itemListElement\":[{\"@type\":\"ListItem\",\"position\":1,\"name\":\"Prima pagin\u0103\",\"item\":\"https:\/\/hora-instruments.com\/ro\/\"},{\"@type\":\"ListItem\",\"position\":2,\"name\":\"Despre noi\"}]},{\"@type\":\"WebSite\",\"@id\":\"https:\/\/hora-instruments.com\/ro\/#website\",\"url\":\"https:\/\/hora-instruments.com\/ro\/\",\"name\":\"Instrumente Hora\",\"description\":\"\",\"publisher\":{\"@id\":\"https:\/\/hora-instruments.com\/ro\/#organization\"},\"potentialAction\":[{\"@type\":\"SearchAction\",\"target\":{\"@type\":\"EntryPoint\",\"urlTemplate\":\"https:\/\/hora-instruments.com\/ro\/?s={search_term_string}\"},\"query-input\":{\"@type\":\"PropertyValueSpecification\",\"valueRequired\":true,\"valueName\":\"search_term_string\"}}],\"inLanguage\":\"ro-RO\"},{\"@type\":\"Organization\",\"@id\":\"https:\/\/hora-instruments.com\/ro\/#organization\",\"name\":\"Instrumente Hora\",\"url\":\"https:\/\/hora-instruments.com\/ro\/\",\"logo\":{\"@type\":\"ImageObject\",\"inLanguage\":\"ro-RO\",\"@id\":\"https:\/\/hora-instruments.com\/ro\/#\/schema\/logo\/image\/\",\"url\":\"https:\/\/hora-instruments.com\/ro\/wp-content\/uploads\/2024\/10\/hora-instruments.png\",\"contentUrl\":\"https:\/\/hora-instruments.com\/ro\/wp-content\/uploads\/2024\/10\/hora-instruments.png\",\"width\":154,\"height\":154,\"caption\":\"Instrumente Hora\"},\"image\":{\"@id\":\"https:\/\/hora-instruments.com\/ro\/#\/schema\/logo\/image\/\"},\"sameAs\":[\"https:\/\/www.facebook.com\/hora.instruments\",\"https:\/\/www.instagram.com\/hora.factory\/\"]}]}<\/script>\n<!-- \/ Yoast SEO plugin. -->","yoast_head_json":{"title":"Despre noi - Instrumente Hora","robots":{"index":"index","follow":"follow","max-snippet":"max-snippet:-1","max-image-preview":"max-image-preview:large","max-video-preview":"max-video-preview:-1"},"canonical":"https:\/\/hora-instruments.com\/ro\/despre-noi\/","og_locale":"ro_RO","og_type":"article","og_title":"Despre noi - Instrumente Hora","og_description":"Mesajul Directorului General HORA S.A.: Tradi\u0163ie \u015fi Continuitate HORA S.A este cea mai mare \u015fi mai veche companie pentru construc\u0163ia instrumentelor muzicale din Rom\u00e2nia, av\u00e2nd o tradi\u0163ie de mai mult de 70 de ani. Fondat \u00een anul 1951 de c\u0103tre maestrul Roman Boianciuc, ca un mic atelier, acesta a produs doar 37 de viori lucrate... Vezi Articol","og_url":"https:\/\/hora-instruments.com\/ro\/despre-noi\/","og_site_name":"Instrumente Hora","article_publisher":"https:\/\/www.facebook.com\/hora.instruments","article_modified_time":"2024-09-10T09:56:41+00:00","twitter_card":"summary_large_image","twitter_misc":{"Timp estimat pentru citire":"3 minute"},"schema":{"@context":"https:\/\/schema.org","@graph":[{"@type":"WebPage","@id":"https:\/\/hora-instruments.com\/ro\/despre-noi\/","url":"https:\/\/hora-instruments.com\/ro\/despre-noi\/","name":"Despre noi - Instrumente Hora","isPartOf":{"@id":"https:\/\/hora-instruments.com\/ro\/#website"},"datePublished":"2024-05-29T09:53:53+00:00","dateModified":"2024-09-10T09:56:41+00:00","breadcrumb":{"@id":"https:\/\/hora-instruments.com\/ro\/despre-noi\/#breadcrumb"},"inLanguage":"ro-RO","potentialAction":[{"@type":"ReadAction","target":["https:\/\/hora-instruments.com\/ro\/despre-noi\/"]}]},{"@type":"BreadcrumbList","@id":"https:\/\/hora-instruments.com\/ro\/despre-noi\/#breadcrumb","itemListElement":[{"@type":"ListItem","position":1,"name":"Prima pagin\u0103","item":"https:\/\/hora-instruments.com\/ro\/"},{"@type":"ListItem","position":2,"name":"Despre noi"}]},{"@type":"WebSite","@id":"https:\/\/hora-instruments.com\/ro\/#website","url":"https:\/\/hora-instruments.com\/ro\/","name":"Instrumente Hora","description":"","publisher":{"@id":"https:\/\/hora-instruments.com\/ro\/#organization"},"potentialAction":[{"@type":"SearchAction","target":{"@type":"EntryPoint","urlTemplate":"https:\/\/hora-instruments.com\/ro\/?s={search_term_string}"},"query-input":{"@type":"PropertyValueSpecification","valueRequired":true,"valueName":"search_term_string"}}],"inLanguage":"ro-RO"},{"@type":"Organization","@id":"https:\/\/hora-instruments.com\/ro\/#organization","name":"Instrumente Hora","url":"https:\/\/hora-instruments.com\/ro\/","logo":{"@type":"ImageObject","inLanguage":"ro-RO","@id":"https:\/\/hora-instruments.com\/ro\/#\/schema\/logo\/image\/","url":"https:\/\/hora-instruments.com\/ro\/wp-content\/uploads\/2024\/10\/hora-instruments.png","contentUrl":"https:\/\/hora-instruments.com\/ro\/wp-content\/uploads\/2024\/10\/hora-instruments.png","width":154,"height":154,"caption":"Instrumente Hora"},"image":{"@id":"https:\/\/hora-instruments.com\/ro\/#\/schema\/logo\/image\/"},"sameAs":["https:\/\/www.facebook.com\/hora.instruments","https:\/\/www.instagram.com\/hora.factory\/"]}]}},"_links":{"self":[{"href":"https:\/\/hora-instruments.com\/ro\/wp-json\/wp\/v2\/pages\/34","targetHints":{"allow":["GET"]}}],"collection":[{"href":"https:\/\/hora-instruments.com\/ro\/wp-json\/wp\/v2\/pages"}],"about":[{"href":"https:\/\/hora-instruments.com\/ro\/wp-json\/wp\/v2\/types\/page"}],"author":[{"embeddable":true,"href":"https:\/\/hora-instruments.com\/ro\/wp-json\/wp\/v2\/users\/1"}],"replies":[{"embeddable":true,"href":"https:\/\/hora-instruments.com\/ro\/wp-json\/wp\/v2\/comments?post=34"}],"version-history":[{"count":15,"href":"https:\/\/hora-instruments.com\/ro\/wp-json\/wp\/v2\/pages\/34\/revisions"}],"predecessor-version":[{"id":2501,"href":"https:\/\/hora-instruments.com\/ro\/wp-json\/wp\/v2\/pages\/34\/revisions\/2501"}],"wp:attachment":[{"href":"https:\/\/hora-instruments.com\/ro\/wp-json\/wp\/v2\/media?parent=34"}],"curies":[{"name":"wp","href":"https:\/\/api.w.org\/{rel}","templated":true}]}}