{"id":66,"date":"2024-05-29T14:01:27","date_gmt":"2024-05-29T14:01:27","guid":{"rendered":"http:\/\/localhost\/hora\/?page_id=66"},"modified":"2025-01-08T05:54:31","modified_gmt":"2025-01-08T05:54:31","slug":"contact","status":"publish","type":"page","link":"https:\/\/hora-instruments.com\/ro\/contact\/","title":{"rendered":"Contact"},"content":{"rendered":"<table style=\"border-collapse: collapse; width: 100%;\">\n<tbody>\n<tr>\n<td style=\"width: 50%;\">\n<h3>Get in touch with us<\/h3>\n<p><strong>Hora S.A.<\/strong><\/p>\n<p>Strada Salc\u00e2milor, nr. 3<br \/>\nReghin 545300, Mures<\/p>\n<p><strong>Secretariat<\/strong>: <a href=\"https:\/\/hora-instruments.com\/ro\/contact\/\"><strong>0265512411<\/strong><\/a><\/p>\n<p>E-mail:<br \/>\n<a href=\"mailto:mail@hora.ro\"><strong>mail@hora.ro<\/strong><\/a><\/p>\n<p><strong>Departamentul de v\u00e2nz\u0103ri:<\/strong><br \/>\n<strong><a href=\"tel:0744791605\">0744791605<\/a><\/strong><\/p>\n<p><a href=\"mailto:vanzari@hora.ro\"><strong>vanzari@hora.ro<\/strong><\/a><\/p>\n<p><strong>Program de lucru:<br \/>\n<\/strong>luni-vineri 8:00-16:30<\/p>\n<p><strong>Rapsodia Bucure\u0219ti<\/strong> (magazin fizic \u0219i online):<br \/>\n<strong><a href=\"https:\/\/magazinulrapsodia.ro\/\" target=\"_blank\" rel=\"noopener\">magazinulrapsodia.ro<\/a><\/strong><br \/>\n<strong><a href=\"tel:0318057298\">0318057298<\/a><\/strong><\/td>\n<td style=\"width: 50%;\"><\/td>\n<\/tr>\n<\/tbody>\n<\/table>\n<p>&nbsp;<\/p>\n","protected":false},"excerpt":{"rendered":"Get in touch with us Hora S.A. Strada Salc\u00e2milor, nr. 3 Reghin 545300, Mures Secretariat: 0265512411 E-mail: mail@hora.ro Departamentul de v\u00e2nz\u0103ri: 0744791605 vanzari@hora.ro Program de lucru: luni-vineri 8:00-16:30 Rapsodia Bucure\u0219ti (magazin fizic \u0219i online): magazinulrapsodia.ro 0318057298 &nbsp;","protected":false},"author":1,"featured_media":0,"parent":0,"menu_order":26,"comment_status":"closed","ping_status":"closed","template":"page-contact.php","meta":{"_acf_changed":false,"footnotes":""},"class_list":["post-66","page","type-page","status-publish","hentry"],"acf":[],"yoast_head":"<!-- This site is optimized with the Yoast SEO plugin v26.4 - https:\/\/yoast.com\/wordpress\/plugins\/seo\/ -->\n<title>Contact - Instrumente Hora<\/title>\n<meta name=\"robots\" content=\"index, follow, max-snippet:-1, max-image-preview:large, max-video-preview:-1\" \/>\n<link rel=\"canonical\" href=\"https:\/\/hora-instruments.com\/ro\/contact\/\" \/>\n<meta property=\"og:locale\" content=\"ro_RO\" \/>\n<meta property=\"og:type\" content=\"article\" \/>\n<meta property=\"og:title\" content=\"Contact - Instrumente Hora\" \/>\n<meta property=\"og:description\" content=\"Get in touch with us Hora S.A. Strada Salc\u00e2milor, nr. 3 Reghin 545300, Mures Secretariat: 0265512411 E-mail: mail@hora.ro Departamentul de v\u00e2nz\u0103ri: 0744791605 vanzari@hora.ro Program de lucru: luni-vineri 8:00-16:30 Rapsodia Bucure\u0219ti (magazin fizic \u0219i online): magazinulrapsodia.ro 0318057298 &nbsp;\" \/>\n<meta property=\"og:url\" content=\"https:\/\/hora-instruments.com\/ro\/contact\/\" \/>\n<meta property=\"og:site_name\" content=\"Instrumente Hora\" \/>\n<meta property=\"article:publisher\" content=\"https:\/\/www.facebook.com\/hora.instruments\" \/>\n<meta property=\"article:modified_time\" content=\"2025-01-08T05:54:31+00:00\" \/>\n<meta name=\"twitter:card\" content=\"summary_large_image\" \/>\n<meta name=\"twitter:label1\" content=\"Timp estimat pentru citire\" \/>\n\t<meta name=\"twitter:data1\" content=\"1 minut\" \/>\n<script type=\"application\/ld+json\" class=\"yoast-schema-graph\">{\"@context\":\"https:\/\/schema.org\",\"@graph\":[{\"@type\":\"WebPage\",\"@id\":\"https:\/\/hora-instruments.com\/ro\/contact\/\",\"url\":\"https:\/\/hora-instruments.com\/ro\/contact\/\",\"name\":\"Contact - Instrumente Hora\",\"isPartOf\":{\"@id\":\"https:\/\/hora-instruments.com\/ro\/#website\"},\"datePublished\":\"2024-05-29T14:01:27+00:00\",\"dateModified\":\"2025-01-08T05:54:31+00:00\",\"breadcrumb\":{\"@id\":\"https:\/\/hora-instruments.com\/ro\/contact\/#breadcrumb\"},\"inLanguage\":\"ro-RO\",\"potentialAction\":[{\"@type\":\"ReadAction\",\"target\":[\"https:\/\/hora-instruments.com\/ro\/contact\/\"]}]},{\"@type\":\"BreadcrumbList\",\"@id\":\"https:\/\/hora-instruments.com\/ro\/contact\/#breadcrumb\",\"itemListElement\":[{\"@type\":\"ListItem\",\"position\":1,\"name\":\"Prima pagin\u0103\",\"item\":\"https:\/\/hora-instruments.com\/ro\/\"},{\"@type\":\"ListItem\",\"position\":2,\"name\":\"Contact\"}]},{\"@type\":\"WebSite\",\"@id\":\"https:\/\/hora-instruments.com\/ro\/#website\",\"url\":\"https:\/\/hora-instruments.com\/ro\/\",\"name\":\"Instrumente Hora\",\"description\":\"\",\"publisher\":{\"@id\":\"https:\/\/hora-instruments.com\/ro\/#organization\"},\"potentialAction\":[{\"@type\":\"SearchAction\",\"target\":{\"@type\":\"EntryPoint\",\"urlTemplate\":\"https:\/\/hora-instruments.com\/ro\/?s={search_term_string}\"},\"query-input\":{\"@type\":\"PropertyValueSpecification\",\"valueRequired\":true,\"valueName\":\"search_term_string\"}}],\"inLanguage\":\"ro-RO\"},{\"@type\":\"Organization\",\"@id\":\"https:\/\/hora-instruments.com\/ro\/#organization\",\"name\":\"Instrumente Hora\",\"url\":\"https:\/\/hora-instruments.com\/ro\/\",\"logo\":{\"@type\":\"ImageObject\",\"inLanguage\":\"ro-RO\",\"@id\":\"https:\/\/hora-instruments.com\/ro\/#\/schema\/logo\/image\/\",\"url\":\"https:\/\/hora-instruments.com\/ro\/wp-content\/uploads\/2024\/10\/hora-instruments.png\",\"contentUrl\":\"https:\/\/hora-instruments.com\/ro\/wp-content\/uploads\/2024\/10\/hora-instruments.png\",\"width\":154,\"height\":154,\"caption\":\"Instrumente Hora\"},\"image\":{\"@id\":\"https:\/\/hora-instruments.com\/ro\/#\/schema\/logo\/image\/\"},\"sameAs\":[\"https:\/\/www.facebook.com\/hora.instruments\",\"https:\/\/www.instagram.com\/hora.factory\/\"]}]}<\/script>\n<!-- \/ Yoast SEO plugin. -->","yoast_head_json":{"title":"Contact - Instrumente Hora","robots":{"index":"index","follow":"follow","max-snippet":"max-snippet:-1","max-image-preview":"max-image-preview:large","max-video-preview":"max-video-preview:-1"},"canonical":"https:\/\/hora-instruments.com\/ro\/contact\/","og_locale":"ro_RO","og_type":"article","og_title":"Contact - Instrumente Hora","og_description":"Get in touch with us Hora S.A. Strada Salc\u00e2milor, nr. 3 Reghin 545300, Mures Secretariat: 0265512411 E-mail: mail@hora.ro Departamentul de v\u00e2nz\u0103ri: 0744791605 vanzari@hora.ro Program de lucru: luni-vineri 8:00-16:30 Rapsodia Bucure\u0219ti (magazin fizic \u0219i online): magazinulrapsodia.ro 0318057298 &nbsp;","og_url":"https:\/\/hora-instruments.com\/ro\/contact\/","og_site_name":"Instrumente Hora","article_publisher":"https:\/\/www.facebook.com\/hora.instruments","article_modified_time":"2025-01-08T05:54:31+00:00","twitter_card":"summary_large_image","twitter_misc":{"Timp estimat pentru citire":"1 minut"},"schema":{"@context":"https:\/\/schema.org","@graph":[{"@type":"WebPage","@id":"https:\/\/hora-instruments.com\/ro\/contact\/","url":"https:\/\/hora-instruments.com\/ro\/contact\/","name":"Contact - Instrumente Hora","isPartOf":{"@id":"https:\/\/hora-instruments.com\/ro\/#website"},"datePublished":"2024-05-29T14:01:27+00:00","dateModified":"2025-01-08T05:54:31+00:00","breadcrumb":{"@id":"https:\/\/hora-instruments.com\/ro\/contact\/#breadcrumb"},"inLanguage":"ro-RO","potentialAction":[{"@type":"ReadAction","target":["https:\/\/hora-instruments.com\/ro\/contact\/"]}]},{"@type":"BreadcrumbList","@id":"https:\/\/hora-instruments.com\/ro\/contact\/#breadcrumb","itemListElement":[{"@type":"ListItem","position":1,"name":"Prima pagin\u0103","item":"https:\/\/hora-instruments.com\/ro\/"},{"@type":"ListItem","position":2,"name":"Contact"}]},{"@type":"WebSite","@id":"https:\/\/hora-instruments.com\/ro\/#website","url":"https:\/\/hora-instruments.com\/ro\/","name":"Instrumente Hora","description":"","publisher":{"@id":"https:\/\/hora-instruments.com\/ro\/#organization"},"potentialAction":[{"@type":"SearchAction","target":{"@type":"EntryPoint","urlTemplate":"https:\/\/hora-instruments.com\/ro\/?s={search_term_string}"},"query-input":{"@type":"PropertyValueSpecification","valueRequired":true,"valueName":"search_term_string"}}],"inLanguage":"ro-RO"},{"@type":"Organization","@id":"https:\/\/hora-instruments.com\/ro\/#organization","name":"Instrumente Hora","url":"https:\/\/hora-instruments.com\/ro\/","logo":{"@type":"ImageObject","inLanguage":"ro-RO","@id":"https:\/\/hora-instruments.com\/ro\/#\/schema\/logo\/image\/","url":"https:\/\/hora-instruments.com\/ro\/wp-content\/uploads\/2024\/10\/hora-instruments.png","contentUrl":"https:\/\/hora-instruments.com\/ro\/wp-content\/uploads\/2024\/10\/hora-instruments.png","width":154,"height":154,"caption":"Instrumente Hora"},"image":{"@id":"https:\/\/hora-instruments.com\/ro\/#\/schema\/logo\/image\/"},"sameAs":["https:\/\/www.facebook.com\/hora.instruments","https:\/\/www.instagram.com\/hora.factory\/"]}]}},"_links":{"self":[{"href":"https:\/\/hora-instruments.com\/ro\/wp-json\/wp\/v2\/pages\/66","targetHints":{"allow":["GET"]}}],"collection":[{"href":"https:\/\/hora-instruments.com\/ro\/wp-json\/wp\/v2\/pages"}],"about":[{"href":"https:\/\/hora-instruments.com\/ro\/wp-json\/wp\/v2\/types\/page"}],"author":[{"embeddable":true,"href":"https:\/\/hora-instruments.com\/ro\/wp-json\/wp\/v2\/users\/1"}],"replies":[{"embeddable":true,"href":"https:\/\/hora-instruments.com\/ro\/wp-json\/wp\/v2\/comments?post=66"}],"version-history":[{"count":16,"href":"https:\/\/hora-instruments.com\/ro\/wp-json\/wp\/v2\/pages\/66\/revisions"}],"predecessor-version":[{"id":2926,"href":"https:\/\/hora-instruments.com\/ro\/wp-json\/wp\/v2\/pages\/66\/revisions\/2926"}],"wp:attachment":[{"href":"https:\/\/hora-instruments.com\/ro\/wp-json\/wp\/v2\/media?parent=66"}],"curies":[{"name":"wp","href":"https:\/\/api.w.org\/{rel}","templated":true}]}}