{"id":75,"date":"2024-05-29T18:36:53","date_gmt":"2024-05-29T18:36:53","guid":{"rendered":"http:\/\/localhost\/hora\/?page_id=75"},"modified":"2024-09-17T07:30:31","modified_gmt":"2024-09-17T07:30:31","slug":"intrebari-frecvente","status":"publish","type":"page","link":"https:\/\/hora-instruments.com\/ro\/intrebari-frecvente\/","title":{"rendered":"\u00centreb\u0103ri frecvente"},"content":{"rendered":"<div id=\"elementor-tab-content-1075\" class=\"eael-accordion-content clearfix\" data-tab=\"5\" aria-labelledby=\"why-we-should-buy-from-hora-sa\">\n<span class=\"collapseomatic \" id=\"id69efa950c18c7\"  tabindex=\"0\" title=\"Sunte\u0163i produc\u0103tor sau companie comercial\u0103?\"    >Sunte\u0163i produc\u0103tor sau companie comercial\u0103?<\/span><div id=\"target-id69efa950c18c7\" class=\"collapseomatic_content \">\n<p>Suntem cel mai mare produc\u0103tor de instrumente muzicale din lemn, din Rom\u00e2nia. Pe l\u00e2ng\u0103 varietatea mare de instrumente, oferim spre v\u00e2nzare \u015fi accessorii.<\/p>\n<\/div>\n<span class=\"collapseomatic \" id=\"id69efa950c19f7\"  tabindex=\"0\" title=\"C\u00e2t dureaz\u0103 timpul de livrare?\"    >C\u00e2t dureaz\u0103 timpul de livrare?<\/span><div id=\"target-id69efa950c19f7\" class=\"collapseomatic_content \">\n<p>\u00cen func\u0163ie de disponibilitatea stocurilor, de la o sapt\u0103m\u00e2n\u0103 la trei luni.<\/p>\n<\/div>\n<span class=\"collapseomatic \" id=\"id69efa950c1a3b\"  tabindex=\"0\" title=\"Ce garan\u0163ie se ofer\u0103?\"    >Ce garan\u0163ie se ofer\u0103?<\/span><div id=\"target-id69efa950c1a3b\" class=\"collapseomatic_content \">\n<p>Garan\u0163ia se acord\u0103 de c\u0103tre v\u00e2nz\u0103torul final \u015fi dureaz\u0103 2 ani, cu condi\u0163ia utiliz\u0103rii \u015fi p\u0103str\u0103rii instrumentului conform instruc\u0163iunilor din certificatul de garan\u0163ie care \u00eenso\u0163e\u015fte fiecare instrument.<\/p>\n<\/div>\n<span class=\"collapseomatic \" id=\"id69efa950c1a99\"  tabindex=\"0\" title=\"Care sunt condi\u0163iile de plat\u0103?\"    >Care sunt condi\u0163iile de plat\u0103?<\/span><div id=\"target-id69efa950c1a99\" class=\"collapseomatic_content \">\n<p>Pentru v\u00e2nz\u0103torii engross plata integral\u0103 \u00eenainte de expedi\u0163ie, iar pentru OEM &#8211; 50% la confirmarea comenzii \u015fi 50% \u00eenainte de expedi\u0163ie.<\/p>\n<\/div>\n<span class=\"collapseomatic \" id=\"id69efa950c1adb\"  tabindex=\"0\" title=\"De ce s\u0103 cump\u0103r\u0103m de la Hora S.A?\"    >De ce s\u0103 cump\u0103r\u0103m de la Hora S.A?<\/span><div id=\"target-id69efa950c1adb\" class=\"collapseomatic_content \">\n<p>Pentru c\u0103 ne recomand:<\/p>\n<ul>\n<li>tradi\u0163ia din 1951.<\/li>\n<li>pentru c\u0103 instrumentele muzicale sunt realizate din lemn \u00eenvechit natural de la 5 la 40 ani, ceea ce le confer\u0103 o stabilitate \u015fi calit\u0103\u0163i acustice deosebite.<\/li>\n<li>tehnologia de ultim\u0103 genera\u0163ie CNC \u015fi Laser al\u0103turi de modelele tradi\u0163ionale de construc\u0163ie ale lutierilor celebri.<\/li>\n<li>instrumentele sunt construite dup\u0103 modelele lutierilor celebri de c\u0103tre muncitori califica\u0163i cu respectarea condi\u0163iilor de calitate \u015fi securitate \u00een munc\u0103.<\/li>\n<li>raportul pre\u0163-calitate este optim \u00een compara\u0163ie cu concuren\u0163a.<\/li>\n<\/ul>\n<\/div>\n<\/div>\n","protected":false},"excerpt":{"rendered":"","protected":false},"author":1,"featured_media":0,"parent":0,"menu_order":27,"comment_status":"closed","ping_status":"closed","template":"","meta":{"_acf_changed":false,"footnotes":""},"class_list":["post-75","page","type-page","status-publish","hentry"],"acf":[],"yoast_head":"<!-- This site is optimized with the Yoast SEO plugin v26.4 - https:\/\/yoast.com\/wordpress\/plugins\/seo\/ -->\n<title>\u00centreb\u0103ri frecvente - Instrumente Hora<\/title>\n<meta name=\"robots\" content=\"index, follow, max-snippet:-1, max-image-preview:large, max-video-preview:-1\" \/>\n<link rel=\"canonical\" href=\"https:\/\/hora-instruments.com\/ro\/intrebari-frecvente\/\" \/>\n<meta property=\"og:locale\" content=\"ro_RO\" \/>\n<meta property=\"og:type\" content=\"article\" \/>\n<meta property=\"og:title\" content=\"\u00centreb\u0103ri frecvente - Instrumente Hora\" \/>\n<meta property=\"og:url\" content=\"https:\/\/hora-instruments.com\/ro\/intrebari-frecvente\/\" \/>\n<meta property=\"og:site_name\" content=\"Instrumente Hora\" \/>\n<meta property=\"article:publisher\" content=\"https:\/\/www.facebook.com\/hora.instruments\" \/>\n<meta property=\"article:modified_time\" content=\"2024-09-17T07:30:31+00:00\" \/>\n<meta name=\"twitter:card\" content=\"summary_large_image\" \/>\n<meta name=\"twitter:label1\" content=\"Timp estimat pentru citire\" \/>\n\t<meta name=\"twitter:data1\" content=\"1 minut\" \/>\n<script type=\"application\/ld+json\" class=\"yoast-schema-graph\">{\"@context\":\"https:\/\/schema.org\",\"@graph\":[{\"@type\":\"WebPage\",\"@id\":\"https:\/\/hora-instruments.com\/ro\/intrebari-frecvente\/\",\"url\":\"https:\/\/hora-instruments.com\/ro\/intrebari-frecvente\/\",\"name\":\"\u00centreb\u0103ri frecvente - Instrumente Hora\",\"isPartOf\":{\"@id\":\"https:\/\/hora-instruments.com\/ro\/#website\"},\"datePublished\":\"2024-05-29T18:36:53+00:00\",\"dateModified\":\"2024-09-17T07:30:31+00:00\",\"breadcrumb\":{\"@id\":\"https:\/\/hora-instruments.com\/ro\/intrebari-frecvente\/#breadcrumb\"},\"inLanguage\":\"ro-RO\",\"potentialAction\":[{\"@type\":\"ReadAction\",\"target\":[\"https:\/\/hora-instruments.com\/ro\/intrebari-frecvente\/\"]}]},{\"@type\":\"BreadcrumbList\",\"@id\":\"https:\/\/hora-instruments.com\/ro\/intrebari-frecvente\/#breadcrumb\",\"itemListElement\":[{\"@type\":\"ListItem\",\"position\":1,\"name\":\"Prima pagin\u0103\",\"item\":\"https:\/\/hora-instruments.com\/ro\/\"},{\"@type\":\"ListItem\",\"position\":2,\"name\":\"\u00centreb\u0103ri frecvente\"}]},{\"@type\":\"WebSite\",\"@id\":\"https:\/\/hora-instruments.com\/ro\/#website\",\"url\":\"https:\/\/hora-instruments.com\/ro\/\",\"name\":\"Instrumente Hora\",\"description\":\"\",\"publisher\":{\"@id\":\"https:\/\/hora-instruments.com\/ro\/#organization\"},\"potentialAction\":[{\"@type\":\"SearchAction\",\"target\":{\"@type\":\"EntryPoint\",\"urlTemplate\":\"https:\/\/hora-instruments.com\/ro\/?s={search_term_string}\"},\"query-input\":{\"@type\":\"PropertyValueSpecification\",\"valueRequired\":true,\"valueName\":\"search_term_string\"}}],\"inLanguage\":\"ro-RO\"},{\"@type\":\"Organization\",\"@id\":\"https:\/\/hora-instruments.com\/ro\/#organization\",\"name\":\"Instrumente Hora\",\"url\":\"https:\/\/hora-instruments.com\/ro\/\",\"logo\":{\"@type\":\"ImageObject\",\"inLanguage\":\"ro-RO\",\"@id\":\"https:\/\/hora-instruments.com\/ro\/#\/schema\/logo\/image\/\",\"url\":\"https:\/\/hora-instruments.com\/ro\/wp-content\/uploads\/2024\/10\/hora-instruments.png\",\"contentUrl\":\"https:\/\/hora-instruments.com\/ro\/wp-content\/uploads\/2024\/10\/hora-instruments.png\",\"width\":154,\"height\":154,\"caption\":\"Instrumente Hora\"},\"image\":{\"@id\":\"https:\/\/hora-instruments.com\/ro\/#\/schema\/logo\/image\/\"},\"sameAs\":[\"https:\/\/www.facebook.com\/hora.instruments\",\"https:\/\/www.instagram.com\/hora.factory\/\"]}]}<\/script>\n<!-- \/ Yoast SEO plugin. -->","yoast_head_json":{"title":"\u00centreb\u0103ri frecvente - Instrumente Hora","robots":{"index":"index","follow":"follow","max-snippet":"max-snippet:-1","max-image-preview":"max-image-preview:large","max-video-preview":"max-video-preview:-1"},"canonical":"https:\/\/hora-instruments.com\/ro\/intrebari-frecvente\/","og_locale":"ro_RO","og_type":"article","og_title":"\u00centreb\u0103ri frecvente - Instrumente Hora","og_url":"https:\/\/hora-instruments.com\/ro\/intrebari-frecvente\/","og_site_name":"Instrumente Hora","article_publisher":"https:\/\/www.facebook.com\/hora.instruments","article_modified_time":"2024-09-17T07:30:31+00:00","twitter_card":"summary_large_image","twitter_misc":{"Timp estimat pentru citire":"1 minut"},"schema":{"@context":"https:\/\/schema.org","@graph":[{"@type":"WebPage","@id":"https:\/\/hora-instruments.com\/ro\/intrebari-frecvente\/","url":"https:\/\/hora-instruments.com\/ro\/intrebari-frecvente\/","name":"\u00centreb\u0103ri frecvente - Instrumente Hora","isPartOf":{"@id":"https:\/\/hora-instruments.com\/ro\/#website"},"datePublished":"2024-05-29T18:36:53+00:00","dateModified":"2024-09-17T07:30:31+00:00","breadcrumb":{"@id":"https:\/\/hora-instruments.com\/ro\/intrebari-frecvente\/#breadcrumb"},"inLanguage":"ro-RO","potentialAction":[{"@type":"ReadAction","target":["https:\/\/hora-instruments.com\/ro\/intrebari-frecvente\/"]}]},{"@type":"BreadcrumbList","@id":"https:\/\/hora-instruments.com\/ro\/intrebari-frecvente\/#breadcrumb","itemListElement":[{"@type":"ListItem","position":1,"name":"Prima pagin\u0103","item":"https:\/\/hora-instruments.com\/ro\/"},{"@type":"ListItem","position":2,"name":"\u00centreb\u0103ri frecvente"}]},{"@type":"WebSite","@id":"https:\/\/hora-instruments.com\/ro\/#website","url":"https:\/\/hora-instruments.com\/ro\/","name":"Instrumente Hora","description":"","publisher":{"@id":"https:\/\/hora-instruments.com\/ro\/#organization"},"potentialAction":[{"@type":"SearchAction","target":{"@type":"EntryPoint","urlTemplate":"https:\/\/hora-instruments.com\/ro\/?s={search_term_string}"},"query-input":{"@type":"PropertyValueSpecification","valueRequired":true,"valueName":"search_term_string"}}],"inLanguage":"ro-RO"},{"@type":"Organization","@id":"https:\/\/hora-instruments.com\/ro\/#organization","name":"Instrumente Hora","url":"https:\/\/hora-instruments.com\/ro\/","logo":{"@type":"ImageObject","inLanguage":"ro-RO","@id":"https:\/\/hora-instruments.com\/ro\/#\/schema\/logo\/image\/","url":"https:\/\/hora-instruments.com\/ro\/wp-content\/uploads\/2024\/10\/hora-instruments.png","contentUrl":"https:\/\/hora-instruments.com\/ro\/wp-content\/uploads\/2024\/10\/hora-instruments.png","width":154,"height":154,"caption":"Instrumente Hora"},"image":{"@id":"https:\/\/hora-instruments.com\/ro\/#\/schema\/logo\/image\/"},"sameAs":["https:\/\/www.facebook.com\/hora.instruments","https:\/\/www.instagram.com\/hora.factory\/"]}]}},"_links":{"self":[{"href":"https:\/\/hora-instruments.com\/ro\/wp-json\/wp\/v2\/pages\/75","targetHints":{"allow":["GET"]}}],"collection":[{"href":"https:\/\/hora-instruments.com\/ro\/wp-json\/wp\/v2\/pages"}],"about":[{"href":"https:\/\/hora-instruments.com\/ro\/wp-json\/wp\/v2\/types\/page"}],"author":[{"embeddable":true,"href":"https:\/\/hora-instruments.com\/ro\/wp-json\/wp\/v2\/users\/1"}],"replies":[{"embeddable":true,"href":"https:\/\/hora-instruments.com\/ro\/wp-json\/wp\/v2\/comments?post=75"}],"version-history":[{"count":13,"href":"https:\/\/hora-instruments.com\/ro\/wp-json\/wp\/v2\/pages\/75\/revisions"}],"predecessor-version":[{"id":2754,"href":"https:\/\/hora-instruments.com\/ro\/wp-json\/wp\/v2\/pages\/75\/revisions\/2754"}],"wp:attachment":[{"href":"https:\/\/hora-instruments.com\/ro\/wp-json\/wp\/v2\/media?parent=75"}],"curies":[{"name":"wp","href":"https:\/\/api.w.org\/{rel}","templated":true}]}}